{"id":2,"date":"2022-10-18T15:14:27","date_gmt":"2022-10-18T13:14:27","guid":{"rendered":"http:\/\/lalupinella.com\/?page_id=2"},"modified":"2022-10-18T17:19:49","modified_gmt":"2022-10-18T15:19:49","slug":"pagina-di-esempio","status":"publish","type":"page","link":"https:\/\/lalupinella.com\/de\/","title":{"rendered":"Beispielseite"},"content":{"rendered":"<p>Dies ist eine Beispielseite. Der Unterschied zu einem Blog-Beitrag besteht darin, dass er immer an der gleichen Stelle bleibt und (in vielen Themes) im Navigationsmen\u00fc erscheint. Viele Leute beginnen mit einer About-Seite, die sie den Besuchern der Website vorstellt. Eine Pr\u00e4sentation wie diese k\u00f6nnte aussehen:<\/p><blockquote class=\"wp-block-quote is-layout-flow wp-block-quote-is-layout-flow\"><p>HALLO! Tags\u00fcber bin ich Lieferfahrer mit dem Fahrrad, nachts angehender Schauspieler und das ist meine Website. Ich lebe in Los Angeles, habe einen gro\u00dfen Hund namens Jack und ich mag Pi\u00f1a Coladas. (Und den Regen fangen)<\/p><\/blockquote><p>\u2026oder so \u00e4hnlich:<\/p><blockquote class=\"wp-block-quote is-layout-flow wp-block-quote-is-layout-flow\"><p>Die XYZ Gadgets Company wurde 1971 gegr\u00fcndet und versorgt die \u00d6ffentlichkeit seitdem mit Gadgets von ausgezeichneter Qualit\u00e4t. Mit Sitz im Fantasyland besch\u00e4ftigt XYZ \u00fcber 2.000 Mitarbeiter und stellt alle m\u00f6glichen coolen Gadgets f\u00fcr die Fantasyland-Community her.<\/p><\/blockquote><p>Als neuer WordPress-Benutzer sollten Sie zu Ihrem gehen <a href=\"http:\/\/lalupinella.com\/wp-admin\/\">Schwarzes Brett<\/a> um diese Seite zu l\u00f6schen und neue f\u00fcr Ihren Inhalt zu erstellen. Viel Spa\u00df!<\/p>","protected":false},"excerpt":{"rendered":"<p>Dies ist eine Beispielseite. Er unterscheidet sich von einem Blogartikel dadurch, dass er [\u2026]<\/p>","protected":false},"author":1,"featured_media":0,"parent":0,"menu_order":0,"comment_status":"closed","ping_status":"open","template":"home.php","meta":{"_acf_changed":false,"footnotes":""},"class_list":["post-2","page","type-page","status-publish","hentry"],"acf":[],"_links":{"self":[{"href":"https:\/\/lalupinella.com\/de\/wp-json\/wp\/v2\/pages\/2","targetHints":{"allow":["GET"]}}],"collection":[{"href":"https:\/\/lalupinella.com\/de\/wp-json\/wp\/v2\/pages"}],"about":[{"href":"https:\/\/lalupinella.com\/de\/wp-json\/wp\/v2\/types\/page"}],"author":[{"embeddable":true,"href":"https:\/\/lalupinella.com\/de\/wp-json\/wp\/v2\/users\/1"}],"replies":[{"embeddable":true,"href":"https:\/\/lalupinella.com\/de\/wp-json\/wp\/v2\/comments?post=2"}],"version-history":[{"count":1,"href":"https:\/\/lalupinella.com\/de\/wp-json\/wp\/v2\/pages\/2\/revisions"}],"predecessor-version":[{"id":19,"href":"https:\/\/lalupinella.com\/de\/wp-json\/wp\/v2\/pages\/2\/revisions\/19"}],"wp:attachment":[{"href":"https:\/\/lalupinella.com\/de\/wp-json\/wp\/v2\/media?parent=2"}],"curies":[{"name":"wp","href":"https:\/\/api.w.org\/{rel}","templated":true}]}}