{"id":209,"date":"2024-02-03T16:28:30","date_gmt":"2024-02-03T15:28:30","guid":{"rendered":"http:\/\/lalupinella.com\/?page_id=209"},"modified":"2024-02-03T16:30:39","modified_gmt":"2024-02-03T15:30:39","slug":"area-legale","status":"publish","type":"page","link":"https:\/\/lalupinella.com\/de\/rechtsgebiet\/","title":{"rendered":"Rechtsbereich"},"content":{"rendered":"<p>Die auf dieser Website enthaltenen Informationen wurden erstellt, um den Informationsbed\u00fcrfnissen der Besucher \u00fcber die von LA LUPINELLA SRL Societ\u00e0 Agricola durchgef\u00fchrten Aktivit\u00e4ten gerecht zu werden. LA LUPINELLA SRL Societ\u00e0 Agricola lehnt jedoch jegliche Verantwortung f\u00fcr etwaige technische Ungenauigkeiten und\/oder Tippfehler ab.<br>Alle auf der Website www.lalupinella.com vorhandenen Inhalte und Informationen sowie die Logos, grafischen Elemente, T\u00f6ne, Bilder, Marken und alles andere, was auf dieser Website ver\u00f6ffentlicht und\/oder reproduziert wird, sind Eigentum von LA LUPINELLA SRL Societ\u00e0 Agricola.<br>Sie sind daher durch die geltenden Gesetze zum Urheberrecht sowie zum geistigen und gewerblichen Eigentum gesch\u00fctzt und d\u00fcrfen nur zu Informations- und pers\u00f6nlichen Zwecken verwendet werden. Eine kommerzielle Nutzung oder Weitergabe auf anderen Computern ist ausdr\u00fccklich untersagt. Ihre Vervielf\u00e4ltigung ist ausschlie\u00dflich mit schriftlicher Genehmigung von LA LUPINELLA SRL Societ\u00e0 Agricola gestattet.<br>Es ist daher verboten, den Inhalt dieser Website ohne Genehmigung zu \u00e4ndern, zu kopieren, zu reproduzieren, zu verteilen, zu \u00fcbertragen oder auf anderen Websites, Mailinglisten, Newslettern, Papiermagazinen und anderen Medien zu verbreiten.<br>Dar\u00fcber hinaus ist es verboten, die Computerprogramme (Software), die das Funktionieren dieser Website bestimmen, zu kopieren, \u00e4hnliche Programme zu erstellen, den Quellcode der oben genannten Programme zu verfolgen und\/oder zu verwenden.<br>Gegen Verst\u00f6\u00dfe werden die entsprechenden zivil- und strafrechtlichen Sanktionen verh\u00e4ngt.<\/p><p><strong>Haftungsausschluss<\/strong><\/p><p>LA LUPINELLA SRL Societ\u00e0 Agricola garantiert weder die st\u00e4ndige Aktualisierung der auf dieser Website enthaltenen Informationen noch deren absolute Vollst\u00e4ndigkeit und kann daher nicht f\u00fcr Sch\u00e4den, einschlie\u00dflich Folgesch\u00e4den und indirekte Sch\u00e4den, haftbar gemacht werden, die sich aus der Nutzung der Website ergeben oder in irgendeiner Weise damit verbunden sind Informationen, die auf der Website enthalten sind.<br>Dar\u00fcber hinaus kann LA LUPINELLA SRL Societ\u00e0 Agricola nicht f\u00fcr Sch\u00e4den haftbar gemacht werden, die an der Ausr\u00fcstung der Besucher durch den Zugriff und\/oder die Verbindung mit dieser Website oder das Herunterladen ihrer Inhalte entstehen k\u00f6nnten, noch f\u00fcr Sch\u00e4den jeglicher Art, die direkt und\/oder indirekt verursacht werden durch die Unf\u00e4higkeit oder Unm\u00f6glichkeit, auf die Website zuzugreifen.<br>Die auf dieser Website vorhandenen Hypertext-Links (Links) k\u00f6nnen die Suche der Besucher auf Webseiten weiterleiten, die auf anderen Websites als dieser Website vorhanden sind und nicht unter der Kontrolle von LA LUPINELLA SRL Societ\u00e0 Agricola stehen. In diesem Fall \u00fcbernimmt LA LUPINELLA SRL Societ\u00e0 Agricola keine Verantwortung f\u00fcr den Inhalt der auf solchen Websites ver\u00f6ffentlichten Inhalte und deren Nutzung durch Dritte sowie f\u00fcr etwaige Sch\u00e4den, die durch den Zugriff auf diese Websites oder deren Zusammenschaltung verursacht werden oder entstehen mit ihnen oder das Herunterladen ihrer Inhalte.<br>Dar\u00fcber hinaus ist LA LUPINELLA SRL Societ\u00e0 Agricola nicht f\u00fcr die bereitgestellten Informationen verantwortlich.<br>Alle Rechte, die in dieser Mitteilung nicht ausdr\u00fccklich gew\u00e4hrt werden, bleiben vorbehalten.<br>Wir laden Sie ein, die Datenschutzinformationen auf der Homepage der Website www.lalupinella.com zu lesen und gegebenenfalls der Verarbeitung personenbezogener Daten zuzustimmen.<\/p>","protected":false},"excerpt":{"rendered":"<p>Die auf dieser Website enthaltenen Informationen wurden erstellt, um den Anforderungen gerecht zu werden [\u2026]<\/p>","protected":false},"author":1,"featured_media":0,"parent":0,"menu_order":0,"comment_status":"closed","ping_status":"closed","template":"bianca.php","meta":{"_acf_changed":false,"footnotes":""},"class_list":["post-209","page","type-page","status-publish","hentry"],"acf":[],"_links":{"self":[{"href":"https:\/\/lalupinella.com\/de\/wp-json\/wp\/v2\/pages\/209","targetHints":{"allow":["GET"]}}],"collection":[{"href":"https:\/\/lalupinella.com\/de\/wp-json\/wp\/v2\/pages"}],"about":[{"href":"https:\/\/lalupinella.com\/de\/wp-json\/wp\/v2\/types\/page"}],"author":[{"embeddable":true,"href":"https:\/\/lalupinella.com\/de\/wp-json\/wp\/v2\/users\/1"}],"replies":[{"embeddable":true,"href":"https:\/\/lalupinella.com\/de\/wp-json\/wp\/v2\/comments?post=209"}],"version-history":[{"count":1,"href":"https:\/\/lalupinella.com\/de\/wp-json\/wp\/v2\/pages\/209\/revisions"}],"predecessor-version":[{"id":210,"href":"https:\/\/lalupinella.com\/de\/wp-json\/wp\/v2\/pages\/209\/revisions\/210"}],"wp:attachment":[{"href":"https:\/\/lalupinella.com\/de\/wp-json\/wp\/v2\/media?parent=209"}],"curies":[{"name":"wp","href":"https:\/\/api.w.org\/{rel}","templated":true}]}}