{"id":211,"date":"2024-02-03T16:31:33","date_gmt":"2024-02-03T15:31:33","guid":{"rendered":"http:\/\/lalupinella.com\/?page_id=211"},"modified":"2024-02-03T16:31:33","modified_gmt":"2024-02-03T15:31:33","slug":"condizioni-generali-di-vendita","status":"publish","type":"page","link":"https:\/\/lalupinella.com\/de\/allgemeine-verkaufsbedingungen\/","title":{"rendered":"Allgemeine Verkaufsbedingungen"},"content":{"rendered":"<p><strong>Wir laden Sie ein, diese Allgemeinen Verkaufsbedingungen sorgf\u00e4ltig zu lesen, bevor Sie einen Kauf t\u00e4tigen. Mit jedem Kauf akzeptiert der Kunde diese Allgemeinen Verkaufsbedingungen vollst\u00e4ndig.&nbsp;<\/strong><\/p><p>OBJEKT<\/p><p>Diese Allgemeinen Gesch\u00e4ftsbedingungen betreffen die Bedingungen f\u00fcr die Lieferung der Produkte von La Lupinella srl \u00fcber das elektronische Netzwerk. (sp\u00e4ter La Lupinella), mit Sitz in Via Pietramarina n. 53, 50059 Sovigliana VINCI (FI) Steuergesetzbuch. 01424930483, Registrierungsnummer im Handelsregister von Florenz und Umsatzsteuer-Identifikationsnummer. 01424930483, Tel. 0571 7091, E-Mail: lalupinellasrl@legalmail.it und Inhaber der Website: www.lalupinella.com (diese Referenzen k\u00f6nnen vom Kunden f\u00fcr jeden Kontakt mit La Lupinella und f\u00fcr jede m\u00f6gliche Beschwerde verwendet werden). Jede Kauftransaktion wird f\u00fcr die Berechtigten, auf die sie anwendbar ist, durch die Bestimmungen des Gesetzesdekrets 206\/2005 in der ge\u00e4nderten Fassung, durch das Gesetzesdekret 70\/03 in der ge\u00e4nderten Fassung und durch alle anderen f\u00fcr Online-Verk\u00e4ufe w\u00e4hrend der Verarbeitung geltenden Vorschriften geregelt Die personenbezogenen Daten des Kunden werden von La Lupinella unter vollst\u00e4ndiger und rechtzeitiger Einhaltung der in der EU-Verordnung 679\/2016 (sog. \u201eDSGVO\u201c) genannten Vorschriften, dem Gesetzesdekret 196\/03 in der ge\u00e4nderten Fassung und allen anderen Bestimmungen des anwendbaren Rechts verarbeitet Angelegenheit (siehe \u201eDatenschutzerkl\u00e4rung\u201c auf der Website)<\/p><p>ANNAHME DER ALLGEMEINEN VERKAUFSBEDINGUNGEN<\/p><p>Der Kauf von Produkten auf der Website: www.lalupinella.com unterliegt der vollst\u00e4ndigen Annahme dieser allgemeinen Verkaufsbedingungen durch den Kunden. Daher muss der Kunde vor dem Absenden der Bestellung diese Allgemeinen Verkaufsbedingungen und die Datenschutzerkl\u00e4rung sorgf\u00e4ltig lesen und die Annahme durch Anklicken der entsprechenden Flagge best\u00e4tigen. Der Abschluss und Versand der elektronischen Bestellung erfolgt nur, wenn der Kunde best\u00e4tigt, dass er diese Allgemeinen Verkaufsbedingungen und die Datenschutzerkl\u00e4rung kennt und vorbehaltlos akzeptiert.<\/p><p>KONTOERSTELLUNG UND NEWSLETTER-ABONNIEREN<\/p><p>F\u00fcr den Kauf ist es nicht erforderlich, dass der Kunde ein eigenes Konto anlegt. Durch die Erstellung eines Kontos kann der Kunde jedoch: w\u00e4hrend des Kaufs schneller zur Kasse gehen (die zuvor im Konto gespeicherten Daten erm\u00f6glichen das automatische Ausf\u00fcllen f\u00fcr sp\u00e4tere Bestellungen), den Status der Bestellung \u00fcberpr\u00fcfen, fr\u00fchere Bestellungen anzeigen, Kontoinformationen \u00e4ndern, alternative Adressen speichern, und eingegebene Adressen bearbeiten oder l\u00f6schen.<br>Die Zugangsdaten zur Kontoregistrierung d\u00fcrfen ausschlie\u00dflich vom Kunden verwendet werden und k\u00f6nnen nicht an Dritte weitergegeben werden. Der Kunde muss La Lupinella unverz\u00fcglich per E-Mail benachrichtigen, wenn der Verdacht besteht, dass solche Zugangsdaten von unbefugten Dritten genutzt werden. Der Kunde garantiert, dass die bei der Erstellung des Kontos eingegebenen Daten vollst\u00e4ndig, richtig und wahrheitsgem\u00e4\u00df sind.<br>Der Kunde ist ausschlie\u00dflich f\u00fcr den Zugriff auf die Website www.lalupinella.com \u00fcber das Konto verantwortlich und tr\u00e4gt die Verantwortung f\u00fcr alle negativen Folgen, die La Lupinella und\/oder Dritten aufgrund der unsachgem\u00e4\u00dfen Verwendung, des Verlusts oder der Veruntreuung der Zugangsdaten durch Dritte entstehen k\u00f6nnen , Vers\u00e4umnis, die Geheimhaltung dieser Anmeldeinformationen zu sch\u00fctzen.<br>Bez\u00fcglich der Nutzung der Website lesen Sie bitte den Abschnitt \u201eRechtliche Hinweise\u201c auf der Homepage der Website.<br>F\u00fcr den Empfang des Newsletters ist eine Registrierung und Einwilligung zur Verarbeitung personenbezogener Daten erforderlich. Sie k\u00f6nnen sich jederzeit abmelden, indem Sie im Newsletter auf den Button \u201eAbmelden\u201c klicken.<\/p><p>KAUFMETHODE<\/p><p>Der Kunde kann die Produkte auf der Website www.lalupinella.com erwerben, indem er die Bestellung elektronisch aufgibt. Zu diesem Zweck muss der Kunde die Produkte, die er kaufen m\u00f6chte, sowie die entsprechenden Mengen ausw\u00e4hlen und in den Warenkorb legen. Es versteht sich, dass das einem Produkt beigef\u00fcgte Bild seine Eigenschaften m\u00f6glicherweise nicht vollst\u00e4ndig wiedergibt, jedoch in Farbe, Gr\u00f6\u00dfe und Zubeh\u00f6r auf dem Bild abweichen kann. Es versteht sich auch, dass La Lupinella nicht garantiert, dass der Inhalt seiner Website den geltenden Gesetzen in anderen L\u00e4ndern als Italien entspricht.<br>Sobald der Kunde die Artikel ausgew\u00e4hlt hat, die er kaufen m\u00f6chte, kann er den Warenkorb schlie\u00dfen, indem er auf die Schaltfl\u00e4che \u201eZur Kasse gehen\u201c klickt. Wenn Sie die einzelnen Artikel zum Kauf ausw\u00e4hlen, wird rechts auf der Seite eine Zusammenfassung der Produktkosten einschlie\u00dflich Steuern angezeigt. Nach dem Bezahlen muss der Kunde die Lieferadresse und die Rechnungsadresse (sofern diese von der Lieferadresse abweichen) eingeben und die Zahlungsmethode ausw\u00e4hlen. Anhand der Lieferadresse werden die Versandkosten und damit der Gesamtbetrag der Bestellung erfasst. Um die einzelnen Posten anzuzeigen, aus denen sich die Gesamtsumme zusammensetzt, muss der Kunde auf das K\u00e4stchen klicken, in dem der Gesamtbetrag angegeben ist.<br>Erst nach Vervollst\u00e4ndigung der Versanddaten und Auswahl der Zahlungsart sowie erst nach Annahme dieser Allgemeinen Verkaufsbedingungen und der Datenschutzerkl\u00e4rung kann der Kunde die Bestellung aufgeben, indem er auf \u201eBestellung aufgeben\u201c klickt. An diesem Punkt wird eine Seite ge\u00f6ffnet, auf der die Bestellung best\u00e4tigt wird und eine E-Mail mit der Best\u00e4tigung und Zusammenfassung der Bestellung an den Kunden gesendet wird.<br>Mit dem Absenden der Bestellung ist die Verpflichtung zur Bezahlung der Lieferung verbunden. Der Vertrag gilt als abgeschlossen, wenn La Lupinella die Zahlung f\u00fcr die angeforderte Lieferung erhalten hat.<\/p><p>ANNAHME UND STORNIERUNG VON BESTELLUNGEN<\/p><p>Der zwischen La Lupinella und dem Kunden geschlossene Vertrag gilt mit Eingang der Zahlung f\u00fcr die Lieferung als abgeschlossen. Sobald die Bestellung aufgegeben wurde, erh\u00e4lt der Kunde eine Bestellbest\u00e4tigungs-E-Mail. Der Versand erfolgt jedoch erst, wenn La Lupinella die Zahlung f\u00fcr Ihre Bestellung erhalten hat. Bei Zahlungsverzug gilt der Vertrag daher nicht als abgeschlossen und die bestellten Produkte werden folglich nicht geliefert.<br>Jegliche Haftung von La Lupinella, aus welchem Grund auch immer, vertraglich oder au\u00dfervertraglich, f\u00fcr direkte oder indirekte Sch\u00e4den an Personen und\/oder Sachen, die sich aus der Nichtlieferung der Bestellung aufgrund der Nichtzahlung durch den Kunden ergeben, ist ausdr\u00fccklich ausgeschlossen.<br>Unbeschadet des Widerrufsrechts des Kunden, wie weiter unten n\u00e4her erl\u00e4utert, hat der Kunde das Recht, die Bestellung vor der Zahlung zu stornieren, indem er sich an den Kundendienst wendet.<br>Bei Zahlung per Bank\u00fcberweisung wird die Bestellung von La Lupinella storniert, wenn die Zahlung nicht innerhalb von f\u00fcnf Werktagen nach Auftragserteilung erfolgt.<br>Im Falle eines Fehlers bei der Eingabe der Daten kann sich der Kunde, sofern es sich nicht um einen Fehler in den personenbezogenen Daten handelt, an den Kundendienst wenden, bei dem er die \u00c4nderungen selbstst\u00e4ndig \u00fcber den reservierten Bereich vornehmen kann.<br>Der Kunde, der ein eigenes Konto erstellt hat, hat die M\u00f6glichkeit, auf fr\u00fchere Bestellungen zuzugreifen, indem er im Benutzer-Dashboard auf den Link \u201eMeine Bestellungen\u201c klickt.<br>Stattdessen kann der Kunde, der fr\u00fchere Eink\u00e4ufe get\u00e4tigt hat, ohne sein Konto registriert zu haben, fr\u00fchere Bestellungen anhand der diesbez\u00fcglichen Mitteilungen per E-Mail einsehen.<\/p><p>ZAHLUNGSARTEN \u2013 PREISE UND GEB\u00dcHREN<\/p><p>Die Bezahlung der bestellten Produkte kann per Bank\u00fcberweisung oder Pay-Pal erfolgen. Bei Zahlung per PayPal besuchen Sie bitte die Website: https:\/\/www.paypal.com f\u00fcr Informationen zu dieser Zahlungsmethode. Der Versand der bestellten Ware erfolgt erst, wenn der f\u00e4llige Betrag tats\u00e4chlich auf dem Girokonto von La Lupinella eingegangen ist.<br>Der Grund f\u00fcr die \u00dcberweisung muss Folgendes enthalten:<br>\u2022 Bestellnummer, die in der Bestellbest\u00e4tigungs-E-Mail angegeben ist;<br>\u2022 Vor- und Nachname des Bestellers.<br>Bei Zahlung per Bank\u00fcberweisung muss die Zahlung innerhalb von 5 Werktagen nach der Bestellung erfolgen. Bei Zahlungsverzug innerhalb der oben genannten Frist wird die Bestellung automatisch storniert und La Lupinella best\u00e4tigt dem Kunden die Stornierung der Bestellung per E-Mail.<br>Die Rechnung wird nach Zahlungseingang von La Lupinella zum jeweiligen Zeitpunkt ausgestellt und der Lieferung der Produkte beigef\u00fcgt oder separat an den Kunden versandt.<br>Die Preise der Produkte entsprechen denen, die auf der Website angegeben sind.<br>Bei Lieferungen au\u00dferhalb Italiens k\u00f6nnen f\u00fcr die Lieferungen Einfuhrz\u00f6lle und -steuern anfallen, die zahlbar sind, sobald die gelieferten Produkte den angegebenen Bestimmungsort erreichen. Etwaige Kosten f\u00fcr die Zollabfertigung gehen zu Lasten des Kunden, der auch etwaige Verpflichtungen erf\u00fcllen muss, die das Gesetz dem Importeur auferlegt.<\/p><p>VERSANDKOSTEN<\/p><p>Bei Bestellungen im Wert von 60 \u20ac oder mehr in Italien \u00fcbernimmt La Lupinella die Versandkosten. Im \u00dcbrigen tr\u00e4gt der Kunde diese Kosten.<br>Die anfallenden Versandkosten richten sich nach Gewicht, Volumen und Bestimmungsort der Produkte.<br>Sobald Sie das zu kaufende Produkt ausgew\u00e4hlt haben und bevor Sie zur Kasse gehen, werden die geltenden Versandkosten nach Gewicht und Volumen sowie nach Bestimmungsort in Italien angezeigt. Wenn der Bestimmungsort abweicht, werden die Versandkosten aktualisiert, wenn die Lieferadresse eingegeben wird.<br>Sollte die Abholung der in den Lagern des Kuriers vorr\u00e4tigen Ware aufgrund wiederholter Unm\u00f6glichkeit der Lieferung an die vom Kunden zum Zeitpunkt der Bestellung angegebene Adresse nicht innerhalb von 3 Werktagen erfolgen, werden die dar\u00fcber hinausgehenden Logistikkosten ausdr\u00fccklich dem Kunden in Rechnung gestellt .<\/p><p>LIEFERZEIT<\/p><p>Die Lieferung erfolgt an die vom Kunden angegebene Lieferadresse. Die Bestellung wird innerhalb von sieben Werktagen nach Zahlungseingang f\u00fcr die Lieferung durch La Lupinella f\u00fcr Sendungen nach Italien und zehn Werktage f\u00fcr Sendungen au\u00dferhalb Italiens bearbeitet, mit Ausnahme von Verz\u00f6gerungen, die in beiden F\u00e4llen auf den Kurier\/Versender zur\u00fcckzuf\u00fchren sind. Die oben genannten Bedingungen sind lediglich indikativ und unverbindlich. Daher kann La Lupinella im Falle einer Lieferverz\u00f6gerung keine Verantwortung \u00fcbertragen werden und muss der Kunde, wenn er Verbraucher ist, La Lupinella auffordern, die Lieferung innerhalb einer angemessenen Nachfrist vorzunehmen. Zum Zeitpunkt des Versands erh\u00e4lt der Kunde eine E-Mail mit der Sendungsnummer und der Bestellnummer sowie einer Zusammenfassung der Bestellung selbst. In jedem Fall kann der Kunde La Lupinella kontaktieren, um Informationen zum Status der Sendung zu erhalten, oder den Status der Sendung \u00fcber sein Konto \u00fcberpr\u00fcfen, wenn der Kunde registriert ist.<\/p><p>BESTELLUNG \u2013 BESCHWERDEN NICHT \u00dcBEREINSTIMMUNG<\/p><p>Am selben Tag der Lieferung muss der Kunde La Lupinella per E-Mail jede Abweichung zwischen den erhaltenen und den bestellten Produkten (Menge, Typ usw.) mitteilen und dabei die Gr\u00fcnde f\u00fcr die Abweichung angeben. La Lupinella ersetzt die Produkte, sobald die R\u00fccksendung vom Kunden eingegangen ist, sofern die Ware in der Originalverpackung zur\u00fcckgesandt wird.<br>F\u00fcr eventuelle M\u00e4ngel oder Sch\u00e4den an den Produkten beachten Sie bitte den Abschnitt \u201eGARANTIE F\u00dcR FEHLER UND SCH\u00c4DEN AN DEN PRODUKTEN \u2013 HAFTUNG\u201c.<\/p><p>R\u00dcCKTRITTSRECHT<\/p><p>Der Kunde ist als Verbraucher gem\u00e4\u00df und f\u00fcr die Zwecke des Gesetzesdekrets berechtigt. lgs. 206\/05 in der ge\u00e4nderten Fassung kann ohne Vertragsstrafe und ohne Angabe von Gr\u00fcnden innerhalb von vierzehn Tagen nach Erhalt der Produkte zur\u00fccktreten. Das Widerrufsrecht wird ausge\u00fcbt, indem innerhalb der oben genannten Frist eine schriftliche Mitteilung an La Lupinella per Einschreiben oder per E-Mail an die Adresse info@lalupinella,com gesendet wird. Der eingeschriebene Brief gilt als rechtzeitig zugestellt, wenn er innerhalb der oben genannten Frist bei der annehmenden Poststelle eingegangen ist.<br>Die direkten Kosten f\u00fcr die R\u00fccksendung der Produkte im Falle eines Widerrufs gehen zu Lasten des Kunden, da die Durchf\u00fchrung der R\u00fccksendung in der alleinigen Verantwortung des Kunden liegt.<br>Im Falle einer ordnungsgem\u00e4\u00dfen Aus\u00fcbung des Widerrufsrechts erstattet La Lupinella die vom Kunden erhaltenen Betr\u00e4ge innerhalb von vierzehn Tagen ab dem Datum, an dem es von der Aus\u00fcbung des Widerrufsrechts Kenntnis erlangt hat. Die R\u00fcckerstattung erfolgt mit derselben Zahlungsmethode, mit der die Bestellung aufgegeben wurde, sofern der Kunde nicht ausdr\u00fccklich etwas anderes angegeben hat. Alternativ kann La Lupinella, sofern mit dem Kunden vereinbart, dem Kunden anstelle der R\u00fcckerstattung einen Kaufgutschein \u00fcber einen Betrag ausstellen, der dem Betrag entspricht, den der Kunde f\u00fcr den Kauf der Waren gezahlt hat.<br>Bitossi Home hat das Recht, die R\u00fcckerstattung zur\u00fcckzuhalten, bis es die Produkte vom Kunden zur\u00fcckerhalten hat oder bis dieser nachweist, dass er die Produkte zur\u00fcckgesandt hat, je nachdem, welcher Fall zuerst eintritt. Die Betr\u00e4ge gelten innerhalb der vorgenannten Frist als erstattet, wenn sie sp\u00e4testens nach Ablauf der vorgenannten Frist tats\u00e4chlich zur\u00fcckgegeben, versandt oder mit einem Wert gutgeschrieben werden.<br>Der Kunde ist gegen\u00fcber La Lupinella ausschlie\u00dflich f\u00fcr Verlust und\/oder Besch\u00e4digung der zur\u00fcckgegebenen Produkte verantwortlich, bis diese an La Lupinella zur\u00fcckgesandt werden. Die Produkte m\u00fcssen unversehrt und in der Originalverpackung zur\u00fcckgegeben werden. Im Falle einer R\u00fccksendung unvollst\u00e4ndiger oder unvollst\u00e4ndig verpackter Ware muss La Lupinella den Kunden schriftlich per E-Mail benachrichtigen; In diesem Fall wird die vom Kunden zur\u00fcckgegebene Ware nicht erstattet und verbleibt am La Lupinella-Hauptsitz, der dem Kunden zur Abholung zur Verf\u00fcgung steht. Nach Ablauf von zehn Tagen nach Erhalt der oben genannten Mitteilung, ohne dass der Kunde diese abgeholt hat, steht La Lupinella die Nutzung der oben genannten Waren frei. In diesem Fall bleibt der Anspruch des Kunden auf R\u00fcckerstattung des f\u00fcr die Ware gezahlten Preises ausgeschlossen.<\/p><p>GARANTIE F\u00dcR M\u00c4NGEL UND SCH\u00c4DEN AN PRODUKTEN \u2013 HAFTUNG<\/p><p>La Lupinella garantiert, dass die \u00fcber die Website www.lalupinella.com vermarkteten Produkte frei von Fehlern und M\u00e4ngeln sind.<br>Die oben genannte Garantie gilt f\u00fcr Kunden, die gem\u00e4\u00df Gesetzesdekret 206\/05 in der ge\u00e4nderten Fassung \u201eVerbraucher\u201c sind, f\u00fcr eine Dauer von 24 Monaten ab Lieferung der Produkte und f\u00fcr alle anderen Kunden f\u00fcr eine Dauer von 12 Monaten ab Lieferung.<br>Die Wirksamkeit der Garantie setzt die rechtzeitige Meldung von Fehlern oder M\u00e4ngeln oder Sch\u00e4den oder Nichtkonformit\u00e4t der Produkte voraus, andernfalls verf\u00e4llt die Garantie.<br>Zu diesem Zweck muss der Kunde au\u00dferdem sicherstellen, dass er La Lupinella sp\u00e4testens acht Tage nach Erhalt der Produkte alle sichtbaren M\u00e4ngel oder Sch\u00e4den an den erhaltenen Produkten per E-Mail mitteilt und die angeblichen M\u00e4ngel oder Sch\u00e4den nach M\u00f6glichkeit nachweist entsprechende Fotodokumentation.<br>Bei nicht sichtbaren M\u00e4ngeln muss die R\u00fcge jedoch vom Kunden innerhalb von 8 Tagen nach Entdeckung per Einschreiben oder per E-Mail unter Beif\u00fcgung aller zum Nachweis der ger\u00fcgten M\u00e4ngel geeigneten Informationen und Unterlagen erfolgen von.<br>Wenn La Lupinella anhand der vom Kunden bereitgestellten Informationen und\/oder Unterlagen feststellt, dass die gemeldeten M\u00e4ngel oder M\u00e4ngel vorliegen, wird La Lupinella auf eigene Kosten die mangelhaften oder besch\u00e4digten Produkte beim Kunden abholen und nach eigenem Ermessen kann den Umtausch dieser Produkte oder eine R\u00fcckerstattung des Preises veranlassen oder dem Kunden einen Einkaufsgutschein \u00fcber einen Betrag ausstellen, der dem Preis der mangelhaften oder besch\u00e4digten Produkte entspricht. Jede andere Form der Entsch\u00e4digung, Erstattung und Entsch\u00e4digung f\u00fcr Sch\u00e4den, einschlie\u00dflich indirekter Sch\u00e4den und Folgesch\u00e4den, ist ausgeschlossen, es sei denn, es handelt sich um Tod oder K\u00f6rperverletzung des Kunden, die auf eine Handlung oder Unterlassung von La Lupinella zur\u00fcckzuf\u00fchren sind.<\/p><p>ANWENDBARES RECHT UND GERICHTSSTAND \u2013 ADR-VERFAHREN<\/p><p>Alle \u00fcber die Website www.lalupinella.com get\u00e4tigten Eink\u00e4ufe und alle Angelegenheiten, die sich aus solchen Eink\u00e4ufen und\/oder aus der Nutzung dieser Website ergeben k\u00f6nnen, unterliegen italienischem Recht.<br>F\u00fcr etwaige Streitigkeiten zwischen La Lupinella und dem Kunden, die sich aus der Nutzung der Website www.lalupinella.com, dem Abschluss eines Kaufs oder der Aufgabe einer Bestellung \u00fcber die oben genannte Website ergeben und\/oder damit zusammenh\u00e4ngen, ist La Lupinella zust\u00e4ndig vor dem Gericht von Florenz hat ausschlie\u00dflichen Zugang, sofern dies nicht im Gesetzesdekret vorgesehen ist. lgs. 206\/05 in der ge\u00e4nderten Fassung f\u00fcr Kunden, auf die diese Regelung anwendbar ist; in diesem Fall ist das Gericht am Wohnsitz des Kunden zust\u00e4ndig.<br>Kunden mit Sitz in der Europ\u00e4ischen Union bleiben in jedem Fall weiterhin berechtigt, freiwillige Verfahren zur au\u00dfergerichtlichen Beilegung der Streitigkeit (nachfolgend \u201eADR-Verfahren\u201c) zu aktivieren, indem sie sich an bestimmte Stellen (nachfolgend \u201eADR-Stellen\u201c) wenden, die in der entsprechenden gef\u00fchrten Liste eingetragen sind mit der zust\u00e4ndigen Beh\u00f6rde jedes Landes \u00fcber die europ\u00e4ische ODR-Plattform.<br>Auf der Internetseite:&nbsp;<a href=\"https:\/\/ec.europa.eu\/consumers\/odr\">https:\/\/ec.europa.eu\/consumers\/odr&nbsp;<\/a>Es werden alle Informationen zur Einreichung einer Beschwerde zur Einleitung des ADR-Verfahrens \u00fcber die ODR-Plattform gemeldet und die Liste der ADR-Stellen angezeigt, die f\u00fcr dieses Verfahren kontaktiert werden k\u00f6nnen.<br>Informationen zur Funktionsweise des ADR-Verfahrens werden auf der Website jeder ADR-Stelle ver\u00f6ffentlicht.<\/p><p>\u00c4NDERUNGEN DER ALLGEMEINEN VERKAUFSBEDINGUNGEN<\/p><p>La Lupinella beh\u00e4lt sich das Recht vor, die Website www. lalupinella.com und\/oder diese Allgemeinen Verkaufsbedingungen.<br>F\u00fcr die Lieferungen gelten die zum Zeitpunkt der Bestellung g\u00fcltigen Allgemeinen Verkaufsbedingungen.<\/p><p>SCHUTZMASSNAHMEN<\/p><p>Bez\u00fcglich der technischen Schutzma\u00dfnahmen der Website verweisen wir auf das Dokument \u201eRechtliche Hinweise\u201c, dessen Link auf der Startseite der Website zu finden ist.<\/p><p>ALLGEMEINE BESTIMMUNG<\/p><p>Sollten eine oder mehrere der in diesen Allgemeinen Verkaufsbedingungen enthaltenen Klauseln f\u00fcr ung\u00fcltig, unwirksam oder unanwendbar erkl\u00e4rt werden, hat dies keinen Einfluss auf die G\u00fcltigkeit, Wirksamkeit und Anwendbarkeit der anderen Klauseln.<\/p>","protected":false},"excerpt":{"rendered":"<p>Wir laden Sie ein, diese Allgemeinen Verkaufsbedingungen sorgf\u00e4ltig zu lesen, bevor Sie mit [\u2026] fortfahren.<\/p>","protected":false},"author":1,"featured_media":0,"parent":0,"menu_order":0,"comment_status":"closed","ping_status":"closed","template":"bianca.php","meta":{"_acf_changed":false,"footnotes":""},"class_list":["post-211","page","type-page","status-publish","hentry"],"acf":[],"_links":{"self":[{"href":"https:\/\/lalupinella.com\/de\/wp-json\/wp\/v2\/pages\/211","targetHints":{"allow":["GET"]}}],"collection":[{"href":"https:\/\/lalupinella.com\/de\/wp-json\/wp\/v2\/pages"}],"about":[{"href":"https:\/\/lalupinella.com\/de\/wp-json\/wp\/v2\/types\/page"}],"author":[{"embeddable":true,"href":"https:\/\/lalupinella.com\/de\/wp-json\/wp\/v2\/users\/1"}],"replies":[{"embeddable":true,"href":"https:\/\/lalupinella.com\/de\/wp-json\/wp\/v2\/comments?post=211"}],"version-history":[{"count":1,"href":"https:\/\/lalupinella.com\/de\/wp-json\/wp\/v2\/pages\/211\/revisions"}],"predecessor-version":[{"id":212,"href":"https:\/\/lalupinella.com\/de\/wp-json\/wp\/v2\/pages\/211\/revisions\/212"}],"wp:attachment":[{"href":"https:\/\/lalupinella.com\/de\/wp-json\/wp\/v2\/media?parent=211"}],"curies":[{"name":"wp","href":"https:\/\/api.w.org\/{rel}","templated":true}]}}