{"id":3,"date":"2022-10-18T15:14:27","date_gmt":"2022-10-18T13:14:27","guid":{"rendered":"http:\/\/lalupinella.com\/?page_id=3"},"modified":"2023-10-31T17:58:54","modified_gmt":"2023-10-31T16:58:54","slug":"privacy-policy","status":"publish","type":"page","link":"https:\/\/lalupinella.com\/de\/datenschutzrichtlinie\/","title":{"rendered":"Datenschutzrichtlinie"},"content":{"rendered":"<p><strong>INFORMATIONEN ZUR VERARBEITUNG PERSONENBEZOGENER DATEN<br>VERORDNUNG (EU) 2016\/679 DES EUROP\u00c4ISCHEN PARLAMENTS UND DES RATES<\/strong><\/p><p><strong>(ALLGEMEINE DATENSCHUTZVERORDNUNG \u2013 DSGVO)<\/strong><\/p><p>Gem\u00e4\u00df der Allgemeinen Verordnung zum Schutz personenbezogener Daten der Europ\u00e4ischen Union (DSGVO 2016\/679, Art. 13) muss der Interessent (Benutzer der Website https:\/\/lalupinella.com\/) vor Beginn der Verarbeitung wird dar\u00fcber informiert, dass die \u00fcber die Website erfassten personenbezogenen Daten vom Unternehmen mithilfe von IT- und\/oder Telematiktools f\u00fcr die in dieser Erkl\u00e4rung genannten Zwecke verarbeitet werden.<\/p><p>Zu diesem Zweck werden die Informationen dem Interessenten \u00fcbermittelt&nbsp;<em>Privatsph\u00e4re<\/em>&nbsp;erstellt von La Lupinella Srl (im Folgenden auch \u201edas Unternehmen\u201c oder \u201eder Datenverantwortliche\u201c), dem Ersteller und F\u00f6rderer der auf der Website https:\/\/lalupinella.com\/ (im Folgenden auch \u201edie Website\u201c) verf\u00fcgbaren Aktivit\u00e4ten.<\/p><ol class=\"wp-block-list\"><li><strong>Datenverantwortlicher und Datenschutzbeauftragter<\/strong><\/li><\/ol><p>Der Datenverantwortliche f\u00fcr personenbezogene Daten ist La Lupinella srl mit Sitz in Via Pietramarina 53, 50053 Sovigliana, Vinci (FI), Umsatzsteuer-Identifikationsnummer IT-01424930483.<\/p><p>Das Unternehmen hat den Datenschutzbeauftragten (RPD oder Data Protection Officer oder DPO) gem\u00e4\u00df Artikel 37 der DSGVO ernannt, der f\u00fcr Klarstellungen und Fragen im Zusammenhang mit der Verarbeitung personenbezogener Daten unter den folgenden Adressen kontaktiert werden kann&nbsp;<a href=\"mailto:dpo@colorobbia.it\">dpo@colorobbia.it<\/a>.<\/p><p>Weitere Informationen zu den Rechten des Interessenten finden Sie im Abschnitt \u201eRechte des Interessenten\u201c dieser Information.<\/p><ol class=\"wp-block-list\" start=\"2\"><li><strong>Rechtsgrundlage und Zweck der Verarbeitung<\/strong><\/li><\/ol><p>Die vom Benutzer beim Surfen auf der Website https:\/\/lalupinella.com\/ angegebenen personenbezogenen Daten werden vom Datenverantwortlichen gem\u00e4\u00df den geltenden Vorschriften zum Schutz personenbezogener Daten verarbeitet.<\/p><p>Die Verarbeitung Ihrer personenbezogenen Daten durch \u201eLa Lupinella\u201c dient der Verfolgung folgender Zwecke:<\/p><ol class=\"wp-block-list\"><li><strong>Kontoerstellung und-verwaltung<\/strong>: Falls Sie sich entscheiden, sich auf der Website https:\/\/lalupinella.com\/ zu registrieren und ein Konto zu erstellen, werden Ihre personenbezogenen Daten vom Datenverantwortlichen f\u00fcr die Erstellung und Verwaltung Ihres pers\u00f6nlichen Kontos und um Ihnen den Zugriff zu erm\u00f6glichen, verarbeitet zum reservierten Bereich mit seinen zugeh\u00f6rigen Funktionen.<\/li><\/ol><p>Wenn sich in diesem Zusammenhang ein Mitarbeiter des Unternehmens registriert, zielt die Verarbeitung darauf ab, den Benutzer als Mitarbeiter des Unternehmens zu identifizieren, um einen Rabatt auf etwaige Eink\u00e4ufe zu gew\u00e4hrleisten.<\/p><p>Die Rechtsgrundlage der Verarbeitung f\u00fcr den angegebenen Zweck liegt in der Einrichtung und Durchf\u00fchrung der Beziehung, die zwischen dem Datenverantwortlichen und dem Interessenten entsteht, nachdem dieser darum gebeten hat, ein Konto zu erstellen und auf den reservierten Bereich der Website zuzugreifen.<\/p><ol class=\"wp-block-list\"><li><strong>Online-Shopping-Aktivit\u00e4t<\/strong>: Wenn Sie den Online-Kauf \u00fcber die Website durchf\u00fchren, werden die von Ihnen angegebenen personenbezogenen Daten zum Zweck der Begr\u00fcndung, Verwaltung, Ausf\u00fchrung und\/oder des Abschlusses des Online-Kaufvertrags verwendet. Die von Ihnen angegebenen Daten werden vom Datenverantwortlichen zum Zweck der Verwaltung der Bestellung verarbeitet, beispielsweise in Bezug auf Zahlung, Versand, Abwicklung etwaiger R\u00fccksendungen, Kundenbetreuung und Ausf\u00fchrung administrativer\/buchhalterischer Aufgaben im Zusammenhang mit der Verwaltung der Bestellung, Erf\u00fcllung der durch die geltende Gesetzgebung festgelegten Verpflichtungen. Die Rechtsgrundlage der Verarbeitung liegt dabei in der Durchf\u00fchrung des vereinbarten Vertrages.<\/li>\n\n<li><strong>Bearbeitung von Informationsanfragen<\/strong>: F\u00fcr den Fall, dass Sie sich entscheiden, uns \u00fcber die entsprechende E-Mail-Adresse zu kontaktieren, die auf der Website im Abschnitt \u201eKontakte\u201c angegeben ist, k\u00f6nnen die von Ihnen angegebenen Daten vom Datenverantwortlichen verarbeitet werden, um Ihre Anfrage zu bearbeiten und Ihnen die f\u00e4lligen Informationen zukommen zu lassen Information. In diesem Zusammenhang wird die Rechtsgrundlage der Verarbeitung im Interesse des Unternehmens an der Bearbeitung der vom Interessenten gestellten Informationsanfragen ermittelt.<\/li>\n\n<li><strong>Art der Behandlung<\/strong><\/li><\/ol><p>In Bezug auf den Zweckbrief. a) des vorherigen Absatzes&nbsp;<em>\u201eRechtsgrundlage und Zweck der Verarbeitung\u201c,<\/em>&nbsp;Die Bereitstellung Ihrer personenbezogenen Daten ist verpflichtend. Ihre Weigerung f\u00fchrt dazu, dass Ihnen die Erstellung und Verwaltung Ihres Kontos mit den damit verbundenen Funktionen nicht mehr gestattet wird.<\/p><p>Wenn Sie Arbeitnehmer sind, kann Ihnen bei einer Weigerung auch kein Rabatt beim Online-Einkauf garantiert werden.<\/p><p>Mit Bezug auf das Zweckschreiben. b) des vorherigen Absatzes&nbsp;<em>\u201eRechtsgrundlage und Zweck der Verarbeitung\u201c&nbsp;<\/em>dieses Dokuments<em>\u201d,<\/em>&nbsp;Die Bereitstellung Ihrer personenbezogenen Daten ist verpflichtend. Ihre eventuelle Weigerung macht es La Lupinella unm\u00f6glich, mit der Einrichtung, Verwaltung, Ausf\u00fchrung und\/oder dem Abschluss des Online-Kaufvertrags fortzufahren, und somit ist es beispielsweise nicht m\u00f6glich, die Aktivit\u00e4ten im Zusammenhang mit der Zahlung, dem Versand usw. durchzuf\u00fchren etwaige R\u00fccksendungen, zur Kundenbetreuung, zur Ausf\u00fchrung administrativer\/buchhalterischer Zwecke im Zusammenhang mit der Verwaltung der Bestellung und zur Erf\u00fcllung der durch die geltende Gesetzgebung festgelegten Verpflichtungen.<\/p><p>In Bezug auf den Zweckbrief. c) des vorherigen Absatzes&nbsp;<em>\u201eRechtsgrundlage und Zweck der Verarbeitung\u201c,<\/em>&nbsp;Die Bereitstellung Ihrer personenbezogenen Daten ist verpflichtend. Ihre Weigerung macht es unm\u00f6glich, mit der Annahme und Bearbeitung etwaiger Informationsanfragen fortzufahren.<\/p><ol class=\"wp-block-list\" start=\"4\"><li><strong>Personenbezogene Daten verarbeitet<\/strong><\/li><\/ol><p>Die vom Datenverantwortlichen verarbeiteten Daten sind diejenigen, die der Benutzer beim Surfen auf der Website bereitstellt&nbsp;<em>Internet<\/em>&nbsp;https:\/\/lalupinella.com\/.<\/p><p>Bei den verarbeiteten personenbezogenen Daten handelt es sich insbesondere um:<\/p><ul class=\"wp-block-list\"><li>In Bezug auf den Zweck lett. a) von Absatz 1 dieses Dokuments&nbsp;<em>\u201eRechtsgrundlage und Zweck der Verarbeitung\u201c<\/em>, E-Mail-Adresse (im Falle der Erstellung des Kontos) und Mitarbeitercode, um die Rabatte nutzen zu k\u00f6nnen (wenn der Benutzer ein Mitarbeiter ist);<\/li>\n\n<li>Mit Bezug auf das Zweckschreiben. b) von Absatz 1 dieses Dokuments&nbsp;<em>\u201eRechtsgrundlage und Zweck der Verarbeitung\u201c<\/em>, Vorname, Nachname, E-Mail-Adresse, Telefonnummer, Stadt, Postleitzahl, Bundesland\/Provinz, Land, Firma, Bankverbindung;<\/li>\n\n<li>In Bezug auf den Zweck lett. c) von Absatz 1 dieses Dokuments \u201e<em>Rechtsgrundlage und Zweck der Verarbeitung\u201c<\/em>, E-Mail-Adresse.<\/li><\/ul><ol class=\"wp-block-list\" start=\"5\"><li><strong>Datenverarbeitungs- und Speichermethoden<\/strong><\/li><\/ol><p>Die Verarbeitung personenbezogener Daten erfolgt durch den Datenverantwortlichen in \u00dcbereinstimmung mit den Bestimmungen der geltenden Gesetzgebung zu diesem Thema&nbsp;<em>Privatsph\u00e4re<\/em>. Der Datenverantwortliche verarbeitet personenbezogene Daten mithilfe von IT- und\/oder Telematiktools und mit organisatorischen und logischen Methoden, die eng mit der Verfolgung der in diesen Informationen genannten Zwecke verbunden sind, und ergreift geeignete Sicherheitsma\u00dfnahmen, um den Zugriff, die Offenlegung und die unbefugte \u00c4nderung zu verhindern oder Zerst\u00f6rung personenbezogener Daten, deren Verlust und deren rechtswidrige und fehlerhafte Verwendung. Das Unternehmen kann seinen Benutzern jedoch nicht garantieren, dass die f\u00fcr die Sicherheit der Website und die \u00dcbertragung von Daten und Informationen auf der Website getroffenen Ma\u00dfnahmen geeignet sind, das Risiko eines unbefugten Zugriffs oder einer unbefugten Verbreitung der Daten durch Ger\u00e4te zu begrenzen oder auszuschlie\u00dfen Benutzer. Aus diesem Grund wird Benutzern der Website empfohlen, sicherzustellen, dass ihr Computer mit ausgestattet ist&nbsp;<em>Software<\/em>&nbsp;ausreichend f\u00fcr den Schutz der Datennetz\u00fcbertragung (z.B&nbsp;<em>Antivirus<\/em>&nbsp;aktualisiert) und dass Ihr eigenes&nbsp;<em>Internetanbieter<\/em>&nbsp;hat geeignete Ma\u00dfnahmen zur Sicherheit der Daten\u00fcbertragung im Netzwerk getroffen.<\/p><p>Das Unternehmen verpflichtet sich au\u00dferdem, die Daten nach den Grunds\u00e4tzen der Korrektheit, Rechtm\u00e4\u00dfigkeit und Transparenz zu verarbeiten, sie im f\u00fcr die Verarbeitung erforderlichen und genauen Umfang zu erheben und ihre Verwendung durch das Personal nur f\u00fcr den autorisierten Zweck zu gestatten. Die Verwaltung und Speicherung der erfassten personenbezogenen Daten erfolgt in Archiven oder auf&nbsp;<em>Server<\/em>&nbsp;mit Sitz innerhalb der Europ\u00e4ischen Union, Eigentum des Datenverantwortlichen und\/oder Drittunternehmen, die als externe Datenverarbeiter ernannt wurden und sich derzeit in jedem Fall in Italien befinden.<\/p><p>In Bezug auf die verschiedenen Zwecke, f\u00fcr die sie erhoben werden, werden die personenbezogenen Daten so lange aufbewahrt, wie dies unbedingt erforderlich ist, und in jedem Fall unter Einhaltung der geltenden gesetzlichen Bestimmungen.<\/p><p>In jedem Fall wird das Unternehmen darauf achten, die Verwendung der Daten f\u00fcr einen unbestimmten Zeitraum zu vermeiden, indem es in regelm\u00e4\u00dfigen Abst\u00e4nden angemessen \u00fcberpr\u00fcft, ob das tats\u00e4chliche Interesse des Subjekts, auf das sie sich beziehen, tats\u00e4chlich fortbesteht.<\/p><ol class=\"wp-block-list\" start=\"6\"><li><strong>Empf\u00e4nger und Datenverarbeiter<\/strong><\/li><\/ol><p>Die erhobenen Daten werden in keiner Weise weitergegeben, sondern im Rahmen und zu den von den Mitarbeitern des Unternehmens beschriebenen Zwecken auf der Grundlage angemessener Betriebsanweisungen (z. B. administrative, kommerzielle,&nbsp;<em>Marketing<\/em>, Rechtswesen, Systemadministratoren usw.). Bestimmte Datenverarbeitungen k\u00f6nnen auch von Dritten durchgef\u00fchrt werden, die als externe Datenverarbeiter benannt sind und die der Datenverantwortliche im Rahmen der Verwaltung des Vertragsverh\u00e4ltnisses, der Erbringung der angebotenen Dienstleistungen und f\u00fcr organisatorische Zwecke seines Unternehmens nutzt oder nutzen k\u00f6nnte . Insbesondere k\u00f6nnen die Daten \u00fcbermittelt werden an:<\/p><ol class=\"wp-block-list\"><li>\u00f6ffentliche und private Subjekte, die gem\u00e4\u00df gesetzlichen Bestimmungen, Vorschriften oder Gemeinschaftsgesetzen innerhalb der durch diese Regeln festgelegten Grenzen auf die Daten zugreifen k\u00f6nnen;<\/li>\n\n<li>Personen, die f\u00fcr Zwecke im Zusammenhang mit dem zwischen den Parteien bestehenden Vertragsverh\u00e4ltnis auf die Daten zugreifen m\u00fcssen, und zwar in dem f\u00fcr die Erf\u00fcllung von Hilfsaufgaben unbedingt erforderlichen Umfang (z. B. Banken und Kreditinstitute, Anbieter technischer Dienstleistungen,&nbsp;<em>Hosting<\/em><em>Anbieter<\/em>, IT-Unternehmen, Kommunikationsagenturen, Postkuriere und Reedereien);<\/li>\n\n<li>Berater, soweit dies zur Erf\u00fcllung ihrer beruflichen Aufgaben erforderlich ist.<\/li><\/ol><p>Die aktualisierte Liste der externen Manager und zur Verarbeitung berechtigten Personen wird am Sitz des Datenverantwortlichen aufbewahrt und steht der interessierten Partei auf Anfrage zur Verf\u00fcgung&nbsp;<em>Email<\/em>&nbsp;an der Adresse&nbsp;<a href=\"mailto:privacy@lalupinella.com\">privatsph\u00e4re@lalupinella.com<\/a><\/p><p><strong>&nbsp;Daten\u00fcbermittlung ins Ausland<\/strong><\/p><p>Die Daten werden nicht au\u00dferhalb der Europ\u00e4ischen Union \u00fcbertragen. In jedem Fall wird davon ausgegangen, dass der Eigent\u00fcmer bei Bedarf das Recht hat, den Standort zu \u00e4ndern&nbsp;<em>Server<\/em>&nbsp;in L\u00e4ndern&nbsp;<em>extra<\/em>-EU. In diesem Fall stellt der Datenverantwortliche hiermit sicher, dass die Daten \u00fcbermittelt werden&nbsp;<em>extra<\/em>-EU wird gem\u00e4\u00df den Artikeln stattfinden. 44 ff. Die Einhaltung der DSGVO und der geltenden Rechtsvorschriften erfolgt durch die Vereinbarung ggf. Vereinbarungen, die ein angemessenes Schutzniveau gew\u00e4hrleisten.<\/p><ol class=\"wp-block-list\" start=\"8\"><li><strong>Rechte der Interessenten<\/strong><\/li><\/ol><p>Als an der Datenverarbeitung interessierte Partei informieren wir Sie dar\u00fcber, dass Sie die M\u00f6glichkeit haben, die in der DSGVO vorgesehenen Rechte auszu\u00fcben, und zwar:<\/p><ol class=\"wp-block-list\"><li>das Recht gem\u00e4\u00df Art. 15, um eine Best\u00e4tigung dar\u00fcber zu erhalten, ob Daten \u00fcber Sie verarbeitet werden und in diesem Fall Zugang zu den Daten und zu folgenden Informationen zu erhalten: i) die Zwecke der Verarbeitung; ii) die Kategorien der betreffenden Daten; iii) die Empf\u00e4nger oder Kategorien von Empf\u00e4ngern, an die die Daten \u00fcbermittelt wurden oder werden, insbesondere wenn es sich um Drittl\u00e4nder oder internationale Organisationen handelt; iv) wenn m\u00f6glich, die voraussichtliche Datenaufbewahrungsdauer oder, falls dies nicht m\u00f6glich ist, die Kriterien, die zur Bestimmung dieser Dauer verwendet werden; v) das Bestehen des Rechts des Interessenten, vom Datenverantwortlichen die Berichtigung oder L\u00f6schung der Daten zu verlangen oder die Verarbeitung einzuschr\u00e4nken oder sich ihrer Verarbeitung zu widersetzen; vi) das Recht, gem\u00e4\u00df den Artikeln eine Beschwerde bei einer Aufsichtsbeh\u00f6rde einzureichen. 77 ff. der DSGVO; vii) wenn die Daten nicht von der interessierten Partei erhoben werden, alle verf\u00fcgbaren Informationen \u00fcber deren Herkunft; viii) das Bestehen eines automatisierten Entscheidungsprozesses, einschlie\u00dflich Profiling gem\u00e4\u00df Artikel 22 Abs\u00e4tze 1 und 4 der DSGVO, und, zumindest in solchen F\u00e4llen, wichtige Informationen \u00fcber die verwendete Logik sowie deren Bedeutung und erwartete Bedeutung Folgen einer solchen Verarbeitung f\u00fcr den Interessenten; ix) das Recht, \u00fcber das Bestehen angemessener Garantien gem\u00e4\u00df Artikel 46 der DSGVO im Zusammenhang mit der \u00dcbermittlung informiert zu werden, wenn die Daten in ein Drittland oder an eine internationale Organisation \u00fcbermittelt werden;<\/li>\n\n<li>Der Interessent hat (sofern zutreffend) auch die M\u00f6glichkeit, die in den Artikeln genannten Rechte auszu\u00fcben. 16-21 DSGVO (Recht auf Berichtigung, Recht auf Vergessenwerden, Recht auf Einschr\u00e4nkung der Verarbeitung, Recht auf Daten\u00fcbertragbarkeit, Recht auf Widerspruch).<\/li><\/ol><p>Der Interessent kann jederzeit die oben genannten Rechte aus\u00fcben und die aktualisierte Liste der Datenverantwortlichen anfordern, indem er eine Anfrage an die folgende E-Mail-Adresse sendet: privacy@lalupinella.com<\/p><p>La Lupinella Srl verpflichtet sich, auf die Anfragen des Interessenten innerhalb eines Monats nach Eingang der Anfrage zu antworten, au\u00dfer in F\u00e4llen von besonderer Komplexit\u00e4t, bei denen die Bearbeitungszeit maximal drei Monate betragen kann. In jedem Fall wird der Datenverantwortliche dem Interessenten innerhalb eines Monats nach der Anfrage den Grund f\u00fcr die Wartezeit nachweisen. Das Ergebnis der Anfrage wird schriftlich oder in elektronischer Form mitgeteilt. Im Falle eines Antrags auf Berichtigung, L\u00f6schung oder Einschr\u00e4nkung der Verarbeitung verpflichtet sich der Datenverantwortliche, die Ergebnisse der von der betroffenen Partei erhaltenen Anfragen jedem Empf\u00e4nger Ihrer Daten mitzuteilen, es sei denn, dies erweist sich als unm\u00f6glich oder ist mit einem unverh\u00e4ltnism\u00e4\u00dfigen Aufwand verbunden.<\/p><p>Das Unternehmen weist darauf hin, dass der Interessent um einen m\u00f6glichen Beitrag gebeten werden kann, wenn die Fragen offensichtlich unbegr\u00fcndet, \u00fcbertrieben oder sich wiederholend sind.<\/p><p>Das Unternehmen hat den DPO \u2013 Datenschutzbeauftragten (DPO) gem\u00e4\u00df Artikel 37 der Verordnung ernannt, der bei Fragen im Zusammenhang mit der Verarbeitung Ihrer Daten unter der folgenden Adresse kontaktiert werden kann: dpo@colorobbia.it.<\/p><ol class=\"wp-block-list\" start=\"9\"><li><strong>\u00c4nderungen an diesen Informationen<\/strong><\/li><\/ol><p>Der Datenverantwortliche beh\u00e4lt sich das Recht vor, \u00c4nderungen an diesem Dokument vorzunehmen&nbsp;<em>Datenschutzrichtlinie&nbsp;<\/em>jederzeit durch Werbung f\u00fcr Benutzer auf der Website https:\/\/lalupinella.com\/. Bitte konsultieren Sie diese Seite daher regelm\u00e4\u00dfig und beziehen Sie sich dabei auf das Datum der letzten \u00c4nderung, das am Ende des Dokuments angegeben ist. Im Falle einer Nichtannahme der an diesem Dokument vorgenommenen \u00c4nderungen&nbsp;<em>Privatsph\u00e4re<\/em>&nbsp;Gem\u00e4\u00df den Datenschutzbestimmungen kann der Interessent den f\u00fcr die Datenverarbeitung Verantwortlichen auffordern, seine personenbezogenen Daten zu l\u00f6schen. Sofern nicht anders angegeben, gilt das vorherige&nbsp;<em>Datenschutzrichtlinie&nbsp;<\/em>gilt weiterhin f\u00fcr die bis zu diesem Zeitpunkt erfassten personenbezogenen Daten.<\/p>","protected":false},"excerpt":{"rendered":"<p>INFORMATIONEN ZUR VERARBEITUNG PERSONENBEZOGENER DATEN VERORDNUNG (EU) 2016\/679 DES EUROP\u00c4ISCHEN PARLAMENTS UND DES RATES (ALLGEMEINE [\u2026]<\/p>","protected":false},"author":1,"featured_media":0,"parent":0,"menu_order":0,"comment_status":"closed","ping_status":"open","template":"page-blank-with-container.php","meta":{"_acf_changed":false,"footnotes":""},"class_list":["post-3","page","type-page","status-publish","hentry"],"acf":[],"_links":{"self":[{"href":"https:\/\/lalupinella.com\/de\/wp-json\/wp\/v2\/pages\/3","targetHints":{"allow":["GET"]}}],"collection":[{"href":"https:\/\/lalupinella.com\/de\/wp-json\/wp\/v2\/pages"}],"about":[{"href":"https:\/\/lalupinella.com\/de\/wp-json\/wp\/v2\/types\/page"}],"author":[{"embeddable":true,"href":"https:\/\/lalupinella.com\/de\/wp-json\/wp\/v2\/users\/1"}],"replies":[{"embeddable":true,"href":"https:\/\/lalupinella.com\/de\/wp-json\/wp\/v2\/comments?post=3"}],"version-history":[{"count":1,"href":"https:\/\/lalupinella.com\/de\/wp-json\/wp\/v2\/pages\/3\/revisions"}],"predecessor-version":[{"id":132,"href":"https:\/\/lalupinella.com\/de\/wp-json\/wp\/v2\/pages\/3\/revisions\/132"}],"wp:attachment":[{"href":"https:\/\/lalupinella.com\/de\/wp-json\/wp\/v2\/media?parent=3"}],"curies":[{"name":"wp","href":"https:\/\/api.w.org\/{rel}","templated":true}]}}