{"id":87,"date":"2023-10-18T17:05:41","date_gmt":"2023-10-18T15:05:41","guid":{"rendered":"http:\/\/lalupinella.com\/?post_type=product&#038;p=87"},"modified":"2025-12-30T11:20:02","modified_gmt":"2025-12-30T10:20:02","slug":"la-lupinella-bianca-2022","status":"publish","type":"product","link":"https:\/\/lalupinella.com\/de\/produkt\/die-weise-esparsette-2022\/","title":{"rendered":"La Lupinella Wei\u00df 2023"},"content":{"rendered":"<h3>Trebbiano Toscana IGT<\/h3>\n<p>Ein Wei\u00dfwein mit frischem und hellem Charakter. Ein kleiner Teil der Trauben wird sorgf\u00e4ltig ausgew\u00e4hlt, von Hand entrappt und der G\u00e4rung in Gl\u00e4sern zugef\u00fchrt, um das aromatische Profil des Weins zu unterstreichen.<\/p>\n<p><strong>Biologisch<\/strong><\/p>","protected":false},"excerpt":{"rendered":"<p>Trebbiano Toscana IGT Ein Wei\u00dfwein mit frischem und hellem Charakter. Ein kleiner Teil der Trauben [\u2026]<\/p>","protected":false},"featured_media":88,"comment_status":"open","ping_status":"closed","template":"","meta":{"_acf_changed":false},"product_cat":[16,19],"product_tag":[],"class_list":{"0":"post-87","1":"product","2":"type-product","3":"status-publish","4":"has-post-thumbnail","6":"product_cat-senza-categoria","7":"product_cat-standard","9":"first","10":"instock","11":"shipping-taxable","12":"purchasable","13":"product-type-simple"},"acf":[],"_links":{"self":[{"href":"https:\/\/lalupinella.com\/de\/wp-json\/wp\/v2\/product\/87","targetHints":{"allow":["GET"]}}],"collection":[{"href":"https:\/\/lalupinella.com\/de\/wp-json\/wp\/v2\/product"}],"about":[{"href":"https:\/\/lalupinella.com\/de\/wp-json\/wp\/v2\/types\/product"}],"replies":[{"embeddable":true,"href":"https:\/\/lalupinella.com\/de\/wp-json\/wp\/v2\/comments?post=87"}],"wp:featuredmedia":[{"embeddable":true,"href":"https:\/\/lalupinella.com\/de\/wp-json\/wp\/v2\/media\/88"}],"wp:attachment":[{"href":"https:\/\/lalupinella.com\/de\/wp-json\/wp\/v2\/media?parent=87"}],"wp:term":[{"taxonomy":"product_cat","embeddable":true,"href":"https:\/\/lalupinella.com\/de\/wp-json\/wp\/v2\/product_cat?post=87"},{"taxonomy":"product_tag","embeddable":true,"href":"https:\/\/lalupinella.com\/de\/wp-json\/wp\/v2\/product_tag?post=87"}],"curies":[{"name":"wp","href":"https:\/\/api.w.org\/{rel}","templated":true}]}}