{"id":2,"date":"2022-10-18T15:14:27","date_gmt":"2022-10-18T13:14:27","guid":{"rendered":"http:\/\/lalupinella.com\/?page_id=2"},"modified":"2022-10-18T17:19:49","modified_gmt":"2022-10-18T15:19:49","slug":"pagina-di-esempio","status":"publish","type":"page","link":"https:\/\/lalupinella.com\/es\/","title":{"rendered":"P\u00e1gina de ejemplo"},"content":{"rendered":"<p>Esta es una p\u00e1gina de ejemplo. Se diferencia de una entrada de blog en que siempre permanece en el mismo lugar y (en muchos temas) aparece en el men\u00fa de navegaci\u00f3n. Muchas personas comienzan con una p\u00e1gina Acerca de que les presenta a los visitantes del sitio. Podr\u00eda aparecer una presentaci\u00f3n como esta:<\/p><blockquote class=\"wp-block-quote is-layout-flow wp-block-quote-is-layout-flow\"><p>\u00a1HOLA! Soy repartidor en bicicleta de d\u00eda, aspirante a actor de noche y este es mi sitio web. Vivo en Los \u00c1ngeles, tengo un perro grande llamado Jack y me gustan las pi\u00f1as coladas. (Y atrapar la lluvia)<\/p><\/blockquote><p>...o algo similar:<\/p><blockquote class=\"wp-block-quote is-layout-flow wp-block-quote-is-layout-flow\"><p>XYZ Gadgets Company se fund\u00f3 en 1971 y desde entonces ofrece al p\u00fablico dispositivos de excelente calidad. Ubicada en Fantasyland, XYZ emplea a m\u00e1s de 2000 personas y fabrica todo tipo de dispositivos geniales para la comunidad de Fantasyland.<\/p><\/blockquote><p>Como nuevo usuario de WordPress, debes ir a tu <a href=\"http:\/\/lalupinella.com\/wp-admin\/\">Tabl\u00f3n de anuncios<\/a> para eliminar esta p\u00e1gina y crear otras nuevas para su contenido. \u00a1Divertirse!<\/p>","protected":false},"excerpt":{"rendered":"<p>Esta es una p\u00e1gina de ejemplo. Se diferencia de un art\u00edculo de blog porque sigue siendo [\u2026]<\/p>","protected":false},"author":1,"featured_media":0,"parent":0,"menu_order":0,"comment_status":"closed","ping_status":"open","template":"home.php","meta":{"_acf_changed":false,"footnotes":""},"class_list":["post-2","page","type-page","status-publish","hentry"],"acf":[],"_links":{"self":[{"href":"https:\/\/lalupinella.com\/es\/wp-json\/wp\/v2\/pages\/2","targetHints":{"allow":["GET"]}}],"collection":[{"href":"https:\/\/lalupinella.com\/es\/wp-json\/wp\/v2\/pages"}],"about":[{"href":"https:\/\/lalupinella.com\/es\/wp-json\/wp\/v2\/types\/page"}],"author":[{"embeddable":true,"href":"https:\/\/lalupinella.com\/es\/wp-json\/wp\/v2\/users\/1"}],"replies":[{"embeddable":true,"href":"https:\/\/lalupinella.com\/es\/wp-json\/wp\/v2\/comments?post=2"}],"version-history":[{"count":1,"href":"https:\/\/lalupinella.com\/es\/wp-json\/wp\/v2\/pages\/2\/revisions"}],"predecessor-version":[{"id":19,"href":"https:\/\/lalupinella.com\/es\/wp-json\/wp\/v2\/pages\/2\/revisions\/19"}],"wp:attachment":[{"href":"https:\/\/lalupinella.com\/es\/wp-json\/wp\/v2\/media?parent=2"}],"curies":[{"name":"wp","href":"https:\/\/api.w.org\/{rel}","templated":true}]}}