{"id":209,"date":"2024-02-03T16:28:30","date_gmt":"2024-02-03T15:28:30","guid":{"rendered":"http:\/\/lalupinella.com\/?page_id=209"},"modified":"2024-02-03T16:30:39","modified_gmt":"2024-02-03T15:30:39","slug":"area-legale","status":"publish","type":"page","link":"https:\/\/lalupinella.com\/es\/area-legal\/","title":{"rendered":"\u00c1rea jur\u00eddica"},"content":{"rendered":"<p>La informaci\u00f3n contenida en este sitio ha sido preparada con el fin de satisfacer las necesidades de informaci\u00f3n de los visitantes sobre las actividades realizadas por LA LUPINELLA SRL Societ\u00e0 Agricola. Sin embargo, LA LUPINELLA SRL Societ\u00e0 Agricola declina toda responsabilidad por posibles imprecisiones t\u00e9cnicas y\/o errores tipogr\u00e1ficos.<br>Todos los contenidos e informaciones presentes en el sitio web www.lalupinella.com, as\u00ed como los logotipos, elementos gr\u00e1ficos, sonidos, im\u00e1genes, marcas y todo lo publicado y\/o reproducido en este sitio son propiedad de LA LUPINELLA SRL Societ\u00e0 Agricola.<br>Por tanto, est\u00e1n protegidos por la legislaci\u00f3n vigente en materia de derechos de autor y propiedad intelectual e industrial y s\u00f3lo pueden utilizarse con fines informativos y personales. Queda expresamente prohibido realizar cualquier uso comercial o distribuci\u00f3n en otros ordenadores. Su reproducci\u00f3n est\u00e1 permitida exclusivamente con la autorizaci\u00f3n escrita de LA LUPINELLA SRL Societ\u00e0 Agricola.<br>Por tanto, queda prohibido modificar, copiar, reproducir, distribuir, transmitir o difundir, sin autorizaci\u00f3n, el contenido de este sitio en otros sitios web, listas de correo, boletines, revistas en papel y otros medios.<br>Adem\u00e1s, est\u00e1 prohibido copiar los programas inform\u00e1ticos (software) que determinan el funcionamiento de este sitio, crear programas similares, rastrear y\/o utilizar el c\u00f3digo fuente de los programas antes mencionados.<br>A los infractores se les aplicar\u00e1n las sanciones civiles y penales pertinentes.<\/p><p><strong>Descargo de responsabilidad<\/strong><\/p><p>LA LUPINELLA SRL Societ\u00e0 Agricola no garantiza la actualizaci\u00f3n constante de la informaci\u00f3n contenida en este sitio ni su absoluta integridad y, por lo tanto, no se hace responsable de ning\u00fan da\u00f1o, incluidos los da\u00f1os consecuentes e indirectos, derivados o relacionados de alguna manera con el uso del informaci\u00f3n contenida en el sitio.<br>Adem\u00e1s, LA LUPINELLA SRL Societ\u00e0 Agricola no se hace responsable de los da\u00f1os que puedan sufrir los equipos de los visitantes debido al acceso y\/o interconexi\u00f3n con este sitio o a la descarga de su contenido ni de los da\u00f1os, de cualquier naturaleza, causados directa y\/o indirectamente. por la imposibilidad o imposibilidad de acceder al sitio.<br>Los enlaces de hipertexto (links) presentes en este sitio pueden dirigir las b\u00fasquedas de los visitantes a p\u00e1ginas web presentes en sitios distintos a este y que no est\u00e1n bajo el control de LA LUPINELLA SRL Societ\u00e0 Agricola. En este caso, LA LUPINELLA SRL Societ\u00e0 Agricola no asume ninguna responsabilidad en relaci\u00f3n tanto al contenido de lo publicado en dichos sitios como al uso que terceros puedan hacer del mismo, ni a cualquier da\u00f1o causado u originado durante el acceso a dichos sitios, interconexi\u00f3n. con ellos o descargar su contenido.<br>Adem\u00e1s, LA LUPINELLA SRL Societ\u00e0 Agricola no es responsable de la informaci\u00f3n que ser\u00e1 proporcionada.<br>Todos los derechos no otorgados expresamente en este aviso est\u00e1n reservados.<br>Le invitamos a leer la informaci\u00f3n de privacidad en la p\u00e1gina de inicio del sitio web www.lalupinella.com, y a dar su consentimiento para el procesamiento de datos personales, cuando sea necesario.<\/p>","protected":false},"excerpt":{"rendered":"<p>La informaci\u00f3n contenida en este sitio ha sido preparada con el fin de satisfacer las necesidades [\u2026]<\/p>","protected":false},"author":1,"featured_media":0,"parent":0,"menu_order":0,"comment_status":"closed","ping_status":"closed","template":"bianca.php","meta":{"_acf_changed":false,"footnotes":""},"class_list":["post-209","page","type-page","status-publish","hentry"],"acf":[],"_links":{"self":[{"href":"https:\/\/lalupinella.com\/es\/wp-json\/wp\/v2\/pages\/209","targetHints":{"allow":["GET"]}}],"collection":[{"href":"https:\/\/lalupinella.com\/es\/wp-json\/wp\/v2\/pages"}],"about":[{"href":"https:\/\/lalupinella.com\/es\/wp-json\/wp\/v2\/types\/page"}],"author":[{"embeddable":true,"href":"https:\/\/lalupinella.com\/es\/wp-json\/wp\/v2\/users\/1"}],"replies":[{"embeddable":true,"href":"https:\/\/lalupinella.com\/es\/wp-json\/wp\/v2\/comments?post=209"}],"version-history":[{"count":1,"href":"https:\/\/lalupinella.com\/es\/wp-json\/wp\/v2\/pages\/209\/revisions"}],"predecessor-version":[{"id":210,"href":"https:\/\/lalupinella.com\/es\/wp-json\/wp\/v2\/pages\/209\/revisions\/210"}],"wp:attachment":[{"href":"https:\/\/lalupinella.com\/es\/wp-json\/wp\/v2\/media?parent=209"}],"curies":[{"name":"wp","href":"https:\/\/api.w.org\/{rel}","templated":true}]}}