{"id":213,"date":"2024-02-03T16:34:41","date_gmt":"2024-02-03T15:34:41","guid":{"rendered":"http:\/\/lalupinella.com\/?page_id=213"},"modified":"2024-02-03T16:34:41","modified_gmt":"2024-02-03T15:34:41","slug":"etichettatura-ambientale","status":"publish","type":"page","link":"https:\/\/lalupinella.com\/es\/etiquetado-ambiental\/","title":{"rendered":"Etiquetado ambiental"},"content":{"rendered":"<p><strong><em><u>Etiquetado ambiental de los envases conforme al art.219 apartado 5 del Decreto Legislativo 152\/2006 y SS.MM<\/u><\/em><\/strong><\/p><p><strong>Clasificaci\u00f3n de residuos. Consulta las disposiciones de tu municipio.<\/strong><\/p><p>A continuaci\u00f3n se muestra la lista de materiales de embalaje utilizados por nuestra empresa, codificados seg\u00fan lo exige la Decisi\u00f3n 97\/129\/CE.<\/p><figure class=\"wp-block-table\"><table><tbody><tr><td colspan=\"3\">BOTELLAS<\/td><\/tr><tr><td>Vidrio incoloro<\/td><td>vidrio verde<\/td><td>Vidrio marr\u00f3n<\/td><\/tr><tr><td>&nbsp;GL 70<\/td><td>&nbsp;GL 71<\/td><td>&nbsp;GL 72<\/td><\/tr><tr><td colspan=\"3\">COLECCI\u00d3N DE VIDRIO<\/td><\/tr><tr><td colspan=\"3\">Consulta las disposiciones de tu Municipio<\/td><\/tr><\/tbody><\/table><\/figure><figure class=\"wp-block-table\"><table><tbody><tr><td colspan=\"3\">TAPAS<\/td><\/tr><tr><td>corcho<\/td><\/tr><tr><td>FUE 51<\/td><\/tr><tr><td>COLECCI\u00d3N ORG\u00c1NICA<\/td><\/tr><tr><td colspan=\"3\">Consulta las disposiciones de tu Municipio<\/td><\/tr><\/tbody><\/table><\/figure><figure class=\"wp-block-table\"><table><tbody><tr><td colspan=\"4\">C\u00c1PSULAS<\/td><\/tr><tr><td>polilaminado<\/td><\/tr><tr><td>C\/ALU 90<\/td><\/tr><tr><td colspan=\"4\">COLECCI\u00d3N PL\u00c1TICO<\/td><\/tr><tr><td colspan=\"4\">Consulta las disposiciones de tu Municipio<\/td><\/tr><\/tbody><\/table><\/figure><figure class=\"wp-block-table\"><table><tbody><tr><td colspan=\"3\">CAJAS DE CART\u00d3N<\/td><\/tr><tr><td>PAP 20<\/td><\/tr><tr><td colspan=\"3\">COLECCI\u00d3N DE PAPEL<\/td><\/tr><tr><td colspan=\"3\">Consulta las disposiciones de tu Municipio<\/td><\/tr><\/tbody><\/table><\/figure><figure class=\"wp-block-table\"><table><tbody><tr><td colspan=\"3\">BOLSA EN CAJA<\/td><\/tr><tr><td>Caja<\/td><td colspan=\"2\">Bolsa\/Grifo<\/td><\/tr><tr><td>PAP 20<\/td><td colspan=\"2\">7 (PEBD+PP)<\/td><\/tr><tr><td>COLECCI\u00d3N DE PAPEL<\/td><td colspan=\"2\">COLECCI\u00d3N DE PL\u00c1STICO<\/td><\/tr><tr><td colspan=\"3\">Consulta las disposiciones de tu Municipio<\/td><\/tr><\/tbody><\/table><\/figure><figure class=\"wp-block-table\"><table><tbody><tr><td colspan=\"3\">ACEITE - LATAS RECTANGULARES (M\u00c1S DE 2 LITROS)<\/td><\/tr><tr><td>lata<\/td><td colspan=\"2\">corcho<\/td><\/tr><tr><td>FE 40 ACERO<\/td><td colspan=\"2\">PP05 PL\u00c1STICO<\/td><\/tr><tr><td>COLECCI\u00d3N DE METALES<\/td><td colspan=\"2\">COLECCI\u00d3N DE PL\u00c1STICO<\/td><\/tr><tr><td colspan=\"3\">Consulta las disposiciones de tu Municipio<\/td><\/tr><\/tbody><\/table><\/figure>","protected":false},"excerpt":{"rendered":"<p>Etiquetado ambiental de los envases conforme al art.219 apartado 5 del Decreto Legislativo 152\/2006 y Colecci\u00f3n SS.MM [\u2026]<\/p>","protected":false},"author":1,"featured_media":0,"parent":0,"menu_order":0,"comment_status":"closed","ping_status":"closed","template":"bianca.php","meta":{"_acf_changed":false,"footnotes":""},"class_list":["post-213","page","type-page","status-publish","hentry"],"acf":[],"_links":{"self":[{"href":"https:\/\/lalupinella.com\/es\/wp-json\/wp\/v2\/pages\/213","targetHints":{"allow":["GET"]}}],"collection":[{"href":"https:\/\/lalupinella.com\/es\/wp-json\/wp\/v2\/pages"}],"about":[{"href":"https:\/\/lalupinella.com\/es\/wp-json\/wp\/v2\/types\/page"}],"author":[{"embeddable":true,"href":"https:\/\/lalupinella.com\/es\/wp-json\/wp\/v2\/users\/1"}],"replies":[{"embeddable":true,"href":"https:\/\/lalupinella.com\/es\/wp-json\/wp\/v2\/comments?post=213"}],"version-history":[{"count":1,"href":"https:\/\/lalupinella.com\/es\/wp-json\/wp\/v2\/pages\/213\/revisions"}],"predecessor-version":[{"id":214,"href":"https:\/\/lalupinella.com\/es\/wp-json\/wp\/v2\/pages\/213\/revisions\/214"}],"wp:attachment":[{"href":"https:\/\/lalupinella.com\/es\/wp-json\/wp\/v2\/media?parent=213"}],"curies":[{"name":"wp","href":"https:\/\/api.w.org\/{rel}","templated":true}]}}