{"id":3,"date":"2022-10-18T15:14:27","date_gmt":"2022-10-18T13:14:27","guid":{"rendered":"http:\/\/lalupinella.com\/?page_id=3"},"modified":"2023-10-31T17:58:54","modified_gmt":"2023-10-31T16:58:54","slug":"privacy-policy","status":"publish","type":"page","link":"https:\/\/lalupinella.com\/es\/politica-de-privacidad\/","title":{"rendered":"pol\u00edtica de privacidad"},"content":{"rendered":"<p><strong>INFORMACI\u00d3N SOBRE EL TRATAMIENTO DE DATOS PERSONALES<br>REGLAMENTO (UE) 2016\/679 DEL PARLAMENTO EUROPEO Y DEL CONSEJO<\/strong><\/p><p><strong>(NORMA GENERAL DE PROTECCI\u00d3N DE DATOS \u2013 RGPD)<\/strong><\/p><p>Tal y como exige el Reglamento General de Protecci\u00f3n de Datos Personales de la Uni\u00f3n Europea (GDPR 2016\/679, art. 13), antes de proceder al tratamiento, el interesado (usuario del sitio web https:\/\/lalupinella.com\/) queda informado que los Datos Personales recogidos a trav\u00e9s del sitio son tratados por la Empresa utilizando herramientas inform\u00e1ticas y\/o telem\u00e1ticas, para las finalidades indicadas en el presente comunicado.<\/p><p>A estos efectos se pone a disposici\u00f3n del interesado la informaci\u00f3n&nbsp;<em>Privacidad<\/em>&nbsp;elaborado por La Lupinella Srl (en adelante tambi\u00e9n \u201cla Compa\u00f1\u00eda\u201d o \u201cel Responsable del tratamiento\u201d), creador y promotor de las actividades disponibles en el sitio https:\/\/lalupinella.com\/ (en adelante tambi\u00e9n \u201cel sitio\u201d).<\/p><ol class=\"wp-block-list\"><li><strong>Responsable del tratamiento y delegado de protecci\u00f3n de datos<\/strong><\/li><\/ol><p>El responsable del tratamiento de los datos personales es La Lupinella srl, con domicilio social en via Pietramarina 53, 50053 Sovigliana, Vinci (FI) con n\u00famero de IVA IT-01424930483.<\/p><p>La Compa\u00f1\u00eda ha designado al Delegado de Protecci\u00f3n de Datos (DPR o Delegado de Protecci\u00f3n de Datos o DPO) de conformidad con el art\u00edculo 37 del RGPD, con quien puede contactar para aclaraciones y preguntas relacionadas con el procesamiento de datos personales en las siguientes direcciones&nbsp;<a href=\"mailto:dpo@colorobbia.it\">dpo@colorobbia.it<\/a>.<\/p><p>Para mayor informaci\u00f3n relativa a los derechos del interesado, por favor considere el p\u00e1rrafo titulado &quot;Derechos de los interesados&quot; de esta informaci\u00f3n.<\/p><ol class=\"wp-block-list\" start=\"2\"><li><strong>Base jur\u00eddica y finalidad del tratamiento<\/strong><\/li><\/ol><p>Los datos personales proporcionados por el usuario durante la navegaci\u00f3n por el sitio https:\/\/lalupinella.com\/ son tratados por el Responsable del Tratamiento de conformidad con la normativa vigente en materia de protecci\u00f3n de datos personales.<\/p><p>El tratamiento de sus Datos Personales por parte de \u201cLa Lupinella\u201d tiene como objetivo perseguir las siguientes finalidades:<\/p><ol class=\"wp-block-list\"><li><strong>Creaci\u00f3n y Gesti\u00f3n de Cuentas<\/strong>: en el caso de que decida registrarse, creando una cuenta, en el sitio web https:\/\/lalupinella.com\/, sus datos personales ser\u00e1n procesados por el Responsable del tratamiento para la creaci\u00f3n y gesti\u00f3n de su cuenta personal y para permitirle el acceso. al \u00e1rea reservada con sus funciones relacionadas.<\/li><\/ol><p>En este contexto, si un empleado de la Compa\u00f1\u00eda se registra, el procesamiento tiene como objetivo identificar al usuario como empleado de la Compa\u00f1\u00eda para garantizar un descuento en cualquier compra.<\/p><p>La base jur\u00eddica del tratamiento para la finalidad indicada se identifica en el establecimiento y ejecuci\u00f3n de la relaci\u00f3n establecida entre el Responsable del tratamiento y el interesado tras la solicitud de este \u00faltimo de crear una cuenta y acceder al \u00c1rea Reservada del sitio.<\/p><ol class=\"wp-block-list\"><li><strong>Actividad de compras en l\u00ednea<\/strong>: si realiza la compra en l\u00ednea a trav\u00e9s del sitio, los Datos personales proporcionados por usted se utilizar\u00e1n con el fin de establecer, gestionar, ejecutar y\/o concluir el contrato de venta en l\u00ednea. Los Datos que usted proporcione ser\u00e1n tratados por el Responsable del tratamiento con el fin de gestionar el pedido de compra en referencia, a modo de ejemplo, al pago, env\u00edo, hacerse cargo de posibles devoluciones, atenci\u00f3n al cliente, ejecuci\u00f3n de gestiones administrativas\/contables relacionadas con la gesti\u00f3n. del pedido, cumplimiento de las obligaciones establecidas por la legislaci\u00f3n vigente. En este contexto, la base jur\u00eddica del tratamiento se identifica en la ejecuci\u00f3n del contrato estipulado.<\/li>\n\n<li><strong>Procesamiento de solicitudes de informaci\u00f3n<\/strong>: en caso de que decida ponerse en contacto con nosotros utilizando la direcci\u00f3n de correo electr\u00f3nico adecuada disponible en el sitio en la secci\u00f3n &quot;Contactos&quot;, los datos que proporcione podr\u00e1n ser procesados por el controlador de datos para procesar su solicitud y brindarle la debida informaci\u00f3n. En este contexto, la base jur\u00eddica del tratamiento se identifica en el inter\u00e9s de la Empresa en tramitar las solicitudes de informaci\u00f3n realizadas por el interesado.<\/li>\n\n<li><strong>Naturaleza del tratamiento<\/strong><\/li><\/ol><p>En relaci\u00f3n con la carta de prop\u00f3sitos. a) del p\u00e1rrafo anterior&nbsp;<em>\u201cBase jur\u00eddica y finalidad del tratamiento\u201d,<\/em>&nbsp;el suministro de sus datos personales es obligatorio. Su negativa har\u00e1 imposible permitirle crear y administrar su cuenta con las funciones relacionadas conectadas a ella.<\/p><p>Si eres empleado, cualquier negativa tambi\u00e9n imposibilitar\u00e1 garantizarte un descuento al comprar online.<\/p><p>Con referencia a la carta de prop\u00f3sito. b) del p\u00e1rrafo anterior&nbsp;<em>\u201cBase jur\u00eddica y finalidad del tratamiento\u201d&nbsp;<\/em>de este documento<em>\u201d,<\/em>&nbsp;el suministro de sus datos personales es obligatorio. Su posible negativa imposibilitar\u00e1 a La Lupinella proceder al establecimiento, gesti\u00f3n, ejecuci\u00f3n y\/o celebraci\u00f3n del contrato de compraventa en l\u00ednea, por lo tanto la imposibilidad de realizar, por ejemplo, las actividades relacionadas con el pago, env\u00edo, hacerse cargo de cualquier devoluci\u00f3n, a la asistencia al cliente, a la ejecuci\u00f3n de fines administrativos\/contables relacionados con la gesti\u00f3n del pedido y al cumplimiento de las obligaciones establecidas por la legislaci\u00f3n vigente.<\/p><p>En relaci\u00f3n con la carta de prop\u00f3sitos. c) del p\u00e1rrafo anterior&nbsp;<em>\u201cBase jur\u00eddica y finalidad del tratamiento\u201d,<\/em>&nbsp;el suministro de sus datos personales es obligatorio. Su negativa imposibilitar\u00e1 proceder a la aceptaci\u00f3n y tramitaci\u00f3n de cualquier solicitud de informaci\u00f3n.<\/p><ol class=\"wp-block-list\" start=\"4\"><li><strong>Datos personales tratados<\/strong><\/li><\/ol><p>Los Datos tratados por el Responsable del Tratamiento son los proporcionados por el usuario al navegar por el sitio&nbsp;<em>Internet<\/em>&nbsp;https:\/\/lalupinella.com\/.<\/p><p>En particular, los Datos Personales tratados son:<\/p><ul class=\"wp-block-list\"><li>En relaci\u00f3n con la finalidad lett. a) del apartado 1 de este documento&nbsp;<em>\u201cBase jur\u00eddica y finalidad del tratamiento\u201d<\/em>, direcci\u00f3n de correo electr\u00f3nico (si la cuenta est\u00e1 creada) y c\u00f3digo de empleado para poder aprovechar los descuentos (si el usuario es un empleado);<\/li>\n\n<li>Con referencia a la carta de prop\u00f3sito. b) del apartado 1 de este documento&nbsp;<em>\u201cBase jur\u00eddica y finalidad del tratamiento\u201d<\/em>, nombre, apellido, direcci\u00f3n de correo electr\u00f3nico, n\u00famero de tel\u00e9fono, ciudad, c\u00f3digo postal, estado\/provincia, pa\u00eds, empresa, datos bancarios;<\/li>\n\n<li>En relaci\u00f3n con la finalidad lett. c) del apartado 1 de este documento \u201c<em>Base jur\u00eddica y finalidad del tratamiento&quot;<\/em>, direcci\u00f3n de correo electr\u00f3nico.<\/li><\/ul><ol class=\"wp-block-list\" start=\"5\"><li><strong>M\u00e9todos de procesamiento y almacenamiento de datos<\/strong><\/li><\/ol><p>El tratamiento de Datos Personales es realizado por el Responsable del Tratamiento de conformidad con lo dispuesto en la legislaci\u00f3n vigente en la materia&nbsp;<em>Privacidad<\/em>. El Responsable del Tratamiento trata los Datos Personales utilizando herramientas inform\u00e1ticas y\/o telem\u00e1ticas y con m\u00e9todos organizativos y l\u00f3gicos estrictamente relacionados con la consecuci\u00f3n de las finalidades indicadas en esta informaci\u00f3n, as\u00ed como adoptando medidas de seguridad adecuadas para evitar el acceso, la divulgaci\u00f3n y la modificaci\u00f3n no autorizada. o destrucci\u00f3n de Datos Personales, su p\u00e9rdida y su uso il\u00edcito e incorrecto. Sin embargo, la Compa\u00f1\u00eda no puede garantizar a sus usuarios que las medidas adoptadas para la seguridad del sitio y la transmisi\u00f3n de datos e informaci\u00f3n en el sitio sean capaces de limitar o excluir cualquier riesgo de acceso no autorizado o dispersi\u00f3n de los datos por dispositivos relacionados con el sitio. usuario. Por este motivo, se recomienda a los usuarios del sitio que se aseguren de que su ordenador est\u00e9 equipado con&nbsp;<em>software<\/em>&nbsp;adecuado para la protecci\u00f3n de la transmisi\u00f3n de datos por red (por ejemplo&nbsp;<em>antivirus<\/em>&nbsp;actualizado) y que el tuyo&nbsp;<em>Proveedores de Internet<\/em>&nbsp;ha adoptado medidas adecuadas para la seguridad de la transmisi\u00f3n de datos a trav\u00e9s de la red.<\/p><p>La Compa\u00f1\u00eda tambi\u00e9n se compromete a procesar los Datos de acuerdo con los principios de correcci\u00f3n, licitud y transparencia, a recopilarlos en la medida necesaria y exacta para el procesamiento y a permitir su uso \u00fanicamente por parte del personal para el fin autorizado. La gesti\u00f3n y almacenamiento de los Datos Personales adquiridos se realizar\u00e1 en archivos o en&nbsp;<em>servidor<\/em>&nbsp;ubicados dentro de la Uni\u00f3n Europea, propiedad del Responsable del Tratamiento y\/o de terceras empresas designadas como Encargados del Tratamiento Externos y, en cualquier caso, actualmente ubicados en Italia.<\/p><p>En relaci\u00f3n con las distintas finalidades para las que son recabados, los Datos Personales se conservar\u00e1n durante el tiempo estrictamente necesario para la consecuci\u00f3n de la misma y, en todo caso, en cumplimiento de las disposiciones reglamentarias vigentes al respecto.<\/p><p>En cualquier caso, la Sociedad se asegurar\u00e1 de evitar el uso de los Datos por tiempo indefinido procediendo, peri\u00f3dicamente, a verificar adecuadamente la continuidad real del inter\u00e9s del sujeto a quien se refieren.<\/p><ol class=\"wp-block-list\" start=\"6\"><li><strong>Destinatarios y Procesadores de Datos<\/strong><\/li><\/ol><p>Los Datos recopilados no ser\u00e1n divulgados de ninguna manera, pero ser\u00e1n procesados dentro de los l\u00edmites y para los fines descritos por los empleados de la Compa\u00f1\u00eda sobre la base de instrucciones operativas adecuadas (por ejemplo, administrativas, comerciales,&nbsp;<em>marketing<\/em>, legales, administradores de sistemas, etc.). Algunos tratamientos de Datos tambi\u00e9n pueden ser realizados por terceros, designados Encargados del Tratamiento Externos, que el Responsable utiliza o podr\u00eda utilizar en el contexto de la gesti\u00f3n de la relaci\u00f3n contractual, la prestaci\u00f3n de los servicios ofrecidos y para las necesidades organizativas de su negocio. . En particular, los Datos podr\u00e1n ser comunicados a:<\/p><ol class=\"wp-block-list\"><li>sujetos, p\u00fablicos y privados, que pueden acceder a los Datos de conformidad con las disposiciones legales, reglamentarias o la legislaci\u00f3n comunitaria, dentro de los l\u00edmites establecidos por dichas normas;<\/li>\n\n<li>sujetos que necesiten acceder a los Datos para fines relacionados con la relaci\u00f3n contractual existente entre las partes, dentro de los l\u00edmites estrictamente necesarios para la realizaci\u00f3n de tareas auxiliares (como, por ejemplo, bancos y entidades de cr\u00e9dito, proveedores de servicios t\u00e9cnicos,&nbsp;<em>alojamiento<\/em><em>proveedor<\/em>, empresas de TI, agencias de comunicaci\u00f3n, correos postales y empresas navieras);<\/li>\n\n<li>consultores, dentro de los l\u00edmites necesarios para el desempe\u00f1o de sus funciones profesionales.<\/li><\/ol><p>La relaci\u00f3n actualizada de Responsables Externos y sujetos autorizados para el tratamiento se conserva en la sede del Responsable del Tratamiento y est\u00e1 a disposici\u00f3n del interesado, previa solicitud que deber\u00e1 realizarse a trav\u00e9s de&nbsp;<em>correo electr\u00f3nico<\/em>&nbsp;en la direcci\u00f3n&nbsp;<a href=\"mailto:privacy@lalupinella.com\">privacidad@lalupinella.com<\/a><\/p><p><strong>&nbsp;Transferencia de Datos al extranjero<\/strong><\/p><p>Los Datos no ser\u00e1n transferidos fuera de la Uni\u00f3n Europea. En todo caso, se entiende que el Titular, de ser necesario, tendr\u00e1 derecho a trasladar la ubicaci\u00f3n del&nbsp;<em>servidor<\/em>&nbsp;en pa\u00edses&nbsp;<em>extra<\/em>-UE. En este caso, el Responsable del tratamiento garantiza que la transferencia de los Datos&nbsp;<em>extra<\/em>-La UE se llevar\u00e1 a cabo de conformidad con los art\u00edculos. 44 y sigs. del RGPD y de las disposiciones legales aplicables, estipulando, en su caso, acuerdos que garanticen un nivel adecuado de protecci\u00f3n.<\/p><ol class=\"wp-block-list\" start=\"8\"><li><strong>Derechos de los interesados<\/strong><\/li><\/ol><p>Como interesado en el tratamiento de sus datos, le informamos que tiene la posibilidad de ejercitar los derechos previstos por el RGPD, a saber:<\/p><ol class=\"wp-block-list\"><li>el derecho, de conformidad con el art. 15, para obtener confirmaci\u00f3n de si se est\u00e1n procesando o no datos que le conciernen y, en este caso, para obtener acceso a los Datos y a la siguiente informaci\u00f3n: i) los fines del procesamiento ii) las categor\u00edas de Datos en cuesti\u00f3n; iii) los destinatarios o categor\u00edas de destinatarios a quienes los Datos han sido o ser\u00e1n comunicados, en particular si son terceros pa\u00edses u organizaciones internacionales; iv) cuando sea posible, el per\u00edodo previsto de conservaci\u00f3n de los Datos o, si esto no es posible, los criterios utilizados para determinar este per\u00edodo; v) la existencia del derecho del interesado a solicitar al Responsable del Tratamiento la rectificaci\u00f3n o supresi\u00f3n de los Datos o la limitaci\u00f3n del tratamiento o la oposici\u00f3n a su tratamiento; vi) el derecho a presentar una queja ante una autoridad de control, de conformidad con los art\u00edculos. 77 y sigs. del RGPD; vii) si los Datos no son recabados del interesado, toda la informaci\u00f3n disponible sobre su origen; viii) la existencia de un proceso automatizado de toma de decisiones, incluida la elaboraci\u00f3n de perfiles a que se refiere el art\u00edculo 22, apartados 1 y 4 del RGPD, y, al menos en tales casos, informaci\u00f3n significativa sobre la l\u00f3gica utilizada, as\u00ed como la importancia y expectativas consecuencias de dicho tratamiento para el interesado; ix) el derecho a ser informado de la existencia de garant\u00edas adecuadas de conformidad con el art\u00edculo 46 del RGPD en relaci\u00f3n con la transferencia, si los Datos se transfieren a un tercer pa\u00eds o a una organizaci\u00f3n internacional;<\/li>\n\n<li>el interesado tambi\u00e9n tendr\u00e1 (cuando corresponda) la posibilidad de ejercer los derechos a que se refieren los art\u00edculos. 16-21 del RGPD (derecho de rectificaci\u00f3n, derecho al olvido, derecho a la limitaci\u00f3n del tratamiento, derecho a la portabilidad de los datos, derecho a oponerse).<\/li><\/ol><p>El interesado podr\u00e1 en cualquier momento ejercitar los derechos antes mencionados y solicitar el listado actualizado de responsables del tratamiento dirigiendo una solicitud a la siguiente direcci\u00f3n de correo electr\u00f3nico privacidad@lalupinella.com<\/p><p>La Lupinella Srl se compromete a responder a las solicitudes del interesado en el plazo de un mes a partir de la recepci\u00f3n de la solicitud, salvo en casos de especial complejidad para los que podr\u00eda tardar un m\u00e1ximo de tres meses. En todo caso, el Responsable del tratamiento facilitar\u00e1 al interesado la prueba del motivo de la espera en el plazo de un mes desde la solicitud. El resultado de la solicitud se proporcionar\u00e1 por escrito o en formato electr\u00f3nico. En caso de solicitud de rectificaci\u00f3n, cancelaci\u00f3n o limitaci\u00f3n del tratamiento, el Responsable del tratamiento se compromete a comunicar el resultado de las solicitudes recibidas del interesado a cada uno de los destinatarios de sus datos, salvo que resulte imposible o suponga un esfuerzo desproporcionado.<\/p><p>La Sociedad precisa que se podr\u00e1 solicitar al interesado una posible aportaci\u00f3n si las preguntas son manifiestamente infundadas, excesivas o repetitivas.<\/p><p>La Compa\u00f1\u00eda ha designado al DPO - Delegado de Protecci\u00f3n de Datos (DPO) de conformidad con el art\u00edculo 37 del Reglamento, al que puede contactar para preguntas relacionadas con el procesamiento de sus Datos, en la siguiente direcci\u00f3n: dpo@colorobbia.it.<\/p><ol class=\"wp-block-list\" start=\"9\"><li><strong>Cambios en esta informaci\u00f3n.<\/strong><\/li><\/ol><p>El Responsable del tratamiento se reserva el derecho de realizar cambios en este documento.&nbsp;<em>Pol\u00edtica de privacidad&nbsp;<\/em>en cualquier momento anunci\u00e1ndolo a los usuarios en el sitio https:\/\/lalupinella.com\/. Por lo tanto, consulte esta p\u00e1gina con frecuencia, tomando como referencia la fecha de la \u00faltima modificaci\u00f3n indicada al final del documento. En caso de no aceptaci\u00f3n de los cambios realizados en este documento&nbsp;<em>Privacidad<\/em>&nbsp;Pol\u00edtica, el interesado podr\u00e1 solicitar al responsable del tratamiento la supresi\u00f3n de sus datos personales. A menos que se especifique lo contrario, lo anterior&nbsp;<em>Pol\u00edtica de privacidad&nbsp;<\/em>continuar\u00e1 aplic\u00e1ndose a los datos personales recopilados hasta ese momento.<\/p>","protected":false},"excerpt":{"rendered":"<p>INFORMACI\u00d3N SOBRE EL TRATAMIENTO DE DATOS PERSONALES REGLAMENTO (UE) 2016\/679 DEL PARLAMENTO EUROPEO Y DEL CONSEJO (GENERAL [\u2026]<\/p>","protected":false},"author":1,"featured_media":0,"parent":0,"menu_order":0,"comment_status":"closed","ping_status":"open","template":"page-blank-with-container.php","meta":{"_acf_changed":false,"footnotes":""},"class_list":["post-3","page","type-page","status-publish","hentry"],"acf":[],"_links":{"self":[{"href":"https:\/\/lalupinella.com\/es\/wp-json\/wp\/v2\/pages\/3","targetHints":{"allow":["GET"]}}],"collection":[{"href":"https:\/\/lalupinella.com\/es\/wp-json\/wp\/v2\/pages"}],"about":[{"href":"https:\/\/lalupinella.com\/es\/wp-json\/wp\/v2\/types\/page"}],"author":[{"embeddable":true,"href":"https:\/\/lalupinella.com\/es\/wp-json\/wp\/v2\/users\/1"}],"replies":[{"embeddable":true,"href":"https:\/\/lalupinella.com\/es\/wp-json\/wp\/v2\/comments?post=3"}],"version-history":[{"count":1,"href":"https:\/\/lalupinella.com\/es\/wp-json\/wp\/v2\/pages\/3\/revisions"}],"predecessor-version":[{"id":132,"href":"https:\/\/lalupinella.com\/es\/wp-json\/wp\/v2\/pages\/3\/revisions\/132"}],"wp:attachment":[{"href":"https:\/\/lalupinella.com\/es\/wp-json\/wp\/v2\/media?parent=3"}],"curies":[{"name":"wp","href":"https:\/\/api.w.org\/{rel}","templated":true}]}}