{"id":89,"date":"2023-10-18T17:18:16","date_gmt":"2023-10-18T15:18:16","guid":{"rendered":"http:\/\/lalupinella.com\/?post_type=product&#038;p=89"},"modified":"2026-04-21T15:22:47","modified_gmt":"2026-04-21T13:22:47","slug":"la-lupinella-rosa-2023","status":"publish","type":"product","link":"https:\/\/lalupinella.com\/es\/producto\/la-esparceta-rosa-2022\/","title":{"rendered":"La Lupinella Rosa 2025"},"content":{"rendered":"<h3>Rosado Toscana IGT<\/h3>\n<p>Un rosado elaborado con Sangiovese y Canaiolo obtenido del vi\u00f1edo Le Mandrie en Montespertoli. Car\u00e1cter fresco y persuasivo. El mosto se fermenta en tinajas tradicionales, una recuperaci\u00f3n innovadora de la tradici\u00f3n vitivin\u00edcola toscana.<\/p>\n<p><strong>Biol\u00f3gico<\/strong><\/p>","protected":false},"excerpt":{"rendered":"<p>Rosato Toscana IGT Un rosado de Sangiovese y Canaiolo obtenido del vi\u00f1edo Le Mandrie, en [\u2026]<\/p>","protected":false},"featured_media":93,"comment_status":"open","ping_status":"closed","template":"","meta":{"_acf_changed":false},"product_cat":[16,19],"product_tag":[],"class_list":{"0":"post-89","1":"product","2":"type-product","3":"status-publish","4":"has-post-thumbnail","6":"product_cat-senza-categoria","7":"product_cat-standard","9":"first","10":"outofstock","11":"shipping-taxable","12":"purchasable","13":"product-type-simple"},"acf":[],"_links":{"self":[{"href":"https:\/\/lalupinella.com\/es\/wp-json\/wp\/v2\/product\/89","targetHints":{"allow":["GET"]}}],"collection":[{"href":"https:\/\/lalupinella.com\/es\/wp-json\/wp\/v2\/product"}],"about":[{"href":"https:\/\/lalupinella.com\/es\/wp-json\/wp\/v2\/types\/product"}],"replies":[{"embeddable":true,"href":"https:\/\/lalupinella.com\/es\/wp-json\/wp\/v2\/comments?post=89"}],"wp:featuredmedia":[{"embeddable":true,"href":"https:\/\/lalupinella.com\/es\/wp-json\/wp\/v2\/media\/93"}],"wp:attachment":[{"href":"https:\/\/lalupinella.com\/es\/wp-json\/wp\/v2\/media?parent=89"}],"wp:term":[{"taxonomy":"product_cat","embeddable":true,"href":"https:\/\/lalupinella.com\/es\/wp-json\/wp\/v2\/product_cat?post=89"},{"taxonomy":"product_tag","embeddable":true,"href":"https:\/\/lalupinella.com\/es\/wp-json\/wp\/v2\/product_tag?post=89"}],"curies":[{"name":"wp","href":"https:\/\/api.w.org\/{rel}","templated":true}]}}