{"id":2,"date":"2022-10-18T15:14:27","date_gmt":"2022-10-18T13:14:27","guid":{"rendered":"http:\/\/lalupinella.com\/?page_id=2"},"modified":"2022-10-18T17:19:49","modified_gmt":"2022-10-18T15:19:49","slug":"pagina-di-esempio","status":"publish","type":"page","link":"https:\/\/lalupinella.com\/fr\/","title":{"rendered":"Exemple de page"},"content":{"rendered":"<p>Ceci est une page d&#039;exemple. Il diff\u00e8re d&#039;un article de blog dans la mesure o\u00f9 il reste toujours au m\u00eame endroit et (dans de nombreux th\u00e8mes) appara\u00eet dans le menu de navigation. De nombreuses personnes commencent par une page \u00c0 propos qui les pr\u00e9sente aux visiteurs du site. Une pr\u00e9sentation comme celle-ci pourrait appara\u00eetre\u00a0:<\/p><blockquote class=\"wp-block-quote is-layout-flow wp-block-quote-is-layout-flow\"><p>SALUT! Je suis chauffeur-livreur \u00e0 v\u00e9lo le jour, aspirant acteur la nuit et voici mon site internet. J&#039;habite \u00e0 Los Angeles, j&#039;ai un gros chien nomm\u00e9 Jack et j&#039;aime les pi\u00f1a coladas. (Et attraper la pluie)<\/p><\/blockquote><p>\u2026ou quelque chose de similaire\u00a0:<\/p><blockquote class=\"wp-block-quote is-layout-flow wp-block-quote-is-layout-flow\"><p>La soci\u00e9t\u00e9 XYZ Gadgets a \u00e9t\u00e9 fond\u00e9e en 1971 et propose depuis lors au public des gadgets d\u2019excellente qualit\u00e9. Situ\u00e9 \u00e0 Fantasyland, XYZ emploie plus de 2 000 personnes et fabrique toutes sortes de gadgets sympas pour la communaut\u00e9 Fantasyland.<\/p><\/blockquote><p>En tant que nouvel utilisateur de WordPress, vous devez vous rendre sur votre <a href=\"http:\/\/lalupinella.com\/wp-admin\/\">Tableau d&#039;affichage<\/a> pour supprimer cette page et en cr\u00e9er de nouvelles pour votre contenu. Amusez-vous!<\/p>","protected":false},"excerpt":{"rendered":"<p>Ceci est une page d&#039;exemple. Il diff\u00e8re d\u2019un article de blog car il reste [\u2026]<\/p>","protected":false},"author":1,"featured_media":0,"parent":0,"menu_order":0,"comment_status":"closed","ping_status":"open","template":"home.php","meta":{"_acf_changed":false,"footnotes":""},"class_list":["post-2","page","type-page","status-publish","hentry"],"acf":[],"_links":{"self":[{"href":"https:\/\/lalupinella.com\/fr\/wp-json\/wp\/v2\/pages\/2","targetHints":{"allow":["GET"]}}],"collection":[{"href":"https:\/\/lalupinella.com\/fr\/wp-json\/wp\/v2\/pages"}],"about":[{"href":"https:\/\/lalupinella.com\/fr\/wp-json\/wp\/v2\/types\/page"}],"author":[{"embeddable":true,"href":"https:\/\/lalupinella.com\/fr\/wp-json\/wp\/v2\/users\/1"}],"replies":[{"embeddable":true,"href":"https:\/\/lalupinella.com\/fr\/wp-json\/wp\/v2\/comments?post=2"}],"version-history":[{"count":1,"href":"https:\/\/lalupinella.com\/fr\/wp-json\/wp\/v2\/pages\/2\/revisions"}],"predecessor-version":[{"id":19,"href":"https:\/\/lalupinella.com\/fr\/wp-json\/wp\/v2\/pages\/2\/revisions\/19"}],"wp:attachment":[{"href":"https:\/\/lalupinella.com\/fr\/wp-json\/wp\/v2\/media?parent=2"}],"curies":[{"name":"wp","href":"https:\/\/api.w.org\/{rel}","templated":true}]}}