{"id":209,"date":"2024-02-03T16:28:30","date_gmt":"2024-02-03T15:28:30","guid":{"rendered":"http:\/\/lalupinella.com\/?page_id=209"},"modified":"2024-02-03T16:30:39","modified_gmt":"2024-02-03T15:30:39","slug":"area-legale","status":"publish","type":"page","link":"https:\/\/lalupinella.com\/fr\/domaine-juridique\/","title":{"rendered":"Domaine juridique"},"content":{"rendered":"<p>Les informations contenues dans ce site ont \u00e9t\u00e9 pr\u00e9par\u00e9es afin de satisfaire les besoins d&#039;information des visiteurs sur les activit\u00e9s r\u00e9alis\u00e9es par LA LUPINELLA SRL Societ\u00e0 Agricola. Cependant, LA LUPINELLA SRL Societ\u00e0 Agricola d\u00e9cline toute responsabilit\u00e9 pour d&#039;\u00e9ventuelles inexactitudes techniques et\/ou erreurs typographiques.<br>Tous les contenus et informations pr\u00e9sents sur le site www.lalupinella.com, ainsi que les logos, \u00e9l\u00e9ments graphiques, sons, images, marques et tout ce qui est publi\u00e9 et\/ou reproduit sur ce site sont la propri\u00e9t\u00e9 de LA LUPINELLA SRL Societ\u00e0 Agricola.<br>Ils sont donc prot\u00e9g\u00e9s par la l\u00e9gislation en vigueur sur le droit d&#039;auteur et la propri\u00e9t\u00e9 intellectuelle et industrielle et ne peuvent \u00eatre utilis\u00e9s qu&#039;\u00e0 des fins informatives et personnelles. Il est express\u00e9ment interdit de faire toute utilisation commerciale ou diffusion sur d&#039;autres ordinateurs. Leur reproduction est autoris\u00e9e exclusivement avec l&#039;autorisation \u00e9crite de LA LUPINELLA SRL Societ\u00e0 Agricola.<br>Il est donc interdit de modifier, copier, reproduire, distribuer, transmettre ou diffuser, sans autorisation, le contenu de ce site sur d&#039;autres sites Internet, listes de diffusion, newsletters, magazines papier et autres supports.<br>En outre, il est interdit de copier les programmes informatiques (logiciels) qui d\u00e9terminent le fonctionnement de ce site, de cr\u00e9er des programmes similaires, de tracer et\/ou d&#039;utiliser le code source des programmes susmentionn\u00e9s.<br>Les sanctions civiles et p\u00e9nales pertinentes seront appliqu\u00e9es aux contrevenants.<\/p><p><strong>Clause de non-responsabilit\u00e9<\/strong><\/p><p>LA LUPINELLA SRL Societ\u00e0 Agricola ne garantit pas la mise \u00e0 jour constante des informations contenues dans ce site ni leur exhaustivit\u00e9 absolue et ne peut donc \u00eatre tenue responsable de tout dommage, y compris les dommages cons\u00e9cutifs et indirects, d\u00e9coulant de ou li\u00e9s de quelque mani\u00e8re que ce soit \u00e0 l&#039;utilisation du informations contenues sur le site.<br>En outre, LA LUPINELLA SRL Societ\u00e0 Agricola ne peut \u00eatre tenue responsable de tout dommage que l&#039;\u00e9quipement des visiteurs pourrait subir en raison de l&#039;acc\u00e8s et\/ou de l&#039;interconnexion avec ce site ou du t\u00e9l\u00e9chargement de son contenu ni des dommages, de quelque nature que ce soit, caus\u00e9s directement et\/ou indirectement. par l&#039;impossibilit\u00e9 ou l&#039;impossibilit\u00e9 d&#039;acc\u00e9der au site.<br>Les liens hypertextes (liens) pr\u00e9sents sur ce site sont susceptibles d&#039;orienter les recherches des visiteurs vers des pages web pr\u00e9sentes sur d&#039;autres sites que celui-ci et non sous le contr\u00f4le de LA LUPINELLA SRL Societ\u00e0 Agricola. Dans ce cas, LA LUPINELLA SRL Societ\u00e0 Agricola n&#039;assume aucune responsabilit\u00e9 quant au contenu de ce qui est publi\u00e9 sur ces sites et \u00e0 l&#039;utilisation que des tiers pourraient en faire, ainsi qu&#039;\u00e0 tout dommage caus\u00e9 par ou provenant de l&#039;acc\u00e8s \u00e0 ces sites, de l&#039;interconnexion. avec eux ou en t\u00e9l\u00e9chargeant leur contenu.<br>De plus, LA LUPINELLA SRL Societ\u00e0 Agricola n&#039;est pas responsable des informations qui seront fournies.<br>Tous les droits non express\u00e9ment accord\u00e9s dans cet avis sont r\u00e9serv\u00e9s.<br>Nous vous invitons \u00e0 lire les informations de confidentialit\u00e9 sur la page d&#039;accueil du site www.lalupinella.com, et \u00e0 donner votre consentement au traitement des donn\u00e9es personnelles, le cas \u00e9ch\u00e9ant.<\/p>","protected":false},"excerpt":{"rendered":"<p>Les informations contenues sur ce site ont \u00e9t\u00e9 pr\u00e9par\u00e9es afin de r\u00e9pondre aux besoins [\u2026]<\/p>","protected":false},"author":1,"featured_media":0,"parent":0,"menu_order":0,"comment_status":"closed","ping_status":"closed","template":"bianca.php","meta":{"_acf_changed":false,"footnotes":""},"class_list":["post-209","page","type-page","status-publish","hentry"],"acf":[],"_links":{"self":[{"href":"https:\/\/lalupinella.com\/fr\/wp-json\/wp\/v2\/pages\/209","targetHints":{"allow":["GET"]}}],"collection":[{"href":"https:\/\/lalupinella.com\/fr\/wp-json\/wp\/v2\/pages"}],"about":[{"href":"https:\/\/lalupinella.com\/fr\/wp-json\/wp\/v2\/types\/page"}],"author":[{"embeddable":true,"href":"https:\/\/lalupinella.com\/fr\/wp-json\/wp\/v2\/users\/1"}],"replies":[{"embeddable":true,"href":"https:\/\/lalupinella.com\/fr\/wp-json\/wp\/v2\/comments?post=209"}],"version-history":[{"count":1,"href":"https:\/\/lalupinella.com\/fr\/wp-json\/wp\/v2\/pages\/209\/revisions"}],"predecessor-version":[{"id":210,"href":"https:\/\/lalupinella.com\/fr\/wp-json\/wp\/v2\/pages\/209\/revisions\/210"}],"wp:attachment":[{"href":"https:\/\/lalupinella.com\/fr\/wp-json\/wp\/v2\/media?parent=209"}],"curies":[{"name":"wp","href":"https:\/\/api.w.org\/{rel}","templated":true}]}}