{"id":211,"date":"2024-02-03T16:31:33","date_gmt":"2024-02-03T15:31:33","guid":{"rendered":"http:\/\/lalupinella.com\/?page_id=211"},"modified":"2024-02-03T16:31:33","modified_gmt":"2024-02-03T15:31:33","slug":"condizioni-generali-di-vendita","status":"publish","type":"page","link":"https:\/\/lalupinella.com\/fr\/conditions-generales-de-vente\/","title":{"rendered":"Conditions g\u00e9n\u00e9rales de vente"},"content":{"rendered":"<p><strong>Nous vous invitons \u00e0 lire attentivement les pr\u00e9sentes Conditions G\u00e9n\u00e9rales de Vente avant de proc\u00e9der \u00e0 tout achat. En effectuant tout achat, le Client accepte pleinement les pr\u00e9sentes Conditions G\u00e9n\u00e9rales de Vente.&nbsp;<\/strong><\/p><p>OBJET<\/p><p>Les pr\u00e9sentes Conditions G\u00e9n\u00e9rales concernent les modalit\u00e9s de fourniture, via r\u00e9seau \u00e9lectronique, des produits La Lupinella srl. (plus tard La Lupinella), dont le si\u00e8ge social est situ\u00e9 via Pietramarina n. 53, 50059 Sovigliana VINCI (FI) Code Fiscal. 01424930483, num\u00e9ro d&#039;immatriculation au Registre des Entreprises de Florence et num\u00e9ro de TVA. 01424930483, t\u00e9l. 0571 7091, e-mail : lalupinellasrl@legalmail.it et propri\u00e9taire du site : www.lalupinella.com (ces r\u00e9f\u00e9rences peuvent \u00eatre utilis\u00e9es par le Client pour tout contact avec La Lupinella et pour toute \u00e9ventuelle r\u00e9clamation). Chaque op\u00e9ration d&#039;achat sera r\u00e9gie, pour les ayants droit auxquels elle est applicable, par les dispositions du d\u00e9cret l\u00e9gislatif 206\/2005 tel que modifi\u00e9, par le d\u00e9cret l\u00e9gislatif 70\/03 tel que modifi\u00e9 et par toute autre r\u00e9glementation applicable \u00e0 la vente en ligne pendant le traitement de la Les donn\u00e9es personnelles du Client seront trait\u00e9es par La Lupinella dans le respect total et opportun des r\u00e9glementations mentionn\u00e9es dans le R\u00e8glement UE 679\/2016 (appel\u00e9 \u00ab\u00a0RGPD\u00a0\u00bb), le d\u00e9cret l\u00e9gislatif 196\/03 tel que modifi\u00e9 et toute autre disposition de la loi applicable sur le sujet (voir &quot;politique de confidentialit\u00e9&quot; sur le site)<\/p><p>ACCEPTATION DES CONDITIONS G\u00c9N\u00c9RALES DE VENTE<\/p><p>L&#039;achat de produits sur le site : www.lalupinella.com est soumis \u00e0 l&#039;acceptation pleine et enti\u00e8re par le Client des pr\u00e9sentes conditions g\u00e9n\u00e9rales de vente. Par cons\u00e9quent, avant d&#039;envoyer la commande, le Client doit lire attentivement les pr\u00e9sentes conditions g\u00e9n\u00e9rales de vente et la politique de confidentialit\u00e9 et doit confirmer son acceptation en s\u00e9lectionnant le drapeau correspondant. La conclusion et l&#039;envoi de la commande \u00e9lectronique n&#039;auront lieu que si le Client confirme conna\u00eetre et accepter sans r\u00e9serve les pr\u00e9sentes conditions g\u00e9n\u00e9rales de vente et la politique de confidentialit\u00e9.<\/p><p>CR\u00c9ATION DE COMPTE ET ABONNEMENT \u00c0 LA NEWSLETTER<\/p><p>Pour les besoins de l&#039;achat, il n&#039;est pas n\u00e9cessaire que le Client cr\u00e9e son propre compte. Toutefois, la cr\u00e9ation d&#039;un compte permet au Client de : r\u00e9gler plus rapidement lors de ses achats (les donn\u00e9es pr\u00e9alablement enregistr\u00e9es sur le compte permettent le remplissage automatique des commandes ult\u00e9rieures), v\u00e9rifier l&#039;\u00e9tat de la commande, consulter les commandes pr\u00e9c\u00e9dentes, modifier les informations du compte, stocker des adresses alternatives, et modifier ou supprimer les adresses saisies.<br>Les identifiants d&#039;enregistrement du compte doivent \u00eatre utilis\u00e9s exclusivement par le Client et ne peuvent \u00eatre c\u00e9d\u00e9s \u00e0 des tiers. Le Client doit imm\u00e9diatement informer La Lupinella par e-mail en cas de suspicion d&#039;utilisation de ces identifiants par des tiers non autoris\u00e9s. Le Client garantit que les donn\u00e9es saisies lors de la cr\u00e9ation du compte sont compl\u00e8tes, exactes et v\u00e9ridiques.<br>Le Client est exclusivement responsable de l&#039;acc\u00e8s au site www.lalupinella.com via le compte et est responsable de toutes les cons\u00e9quences n\u00e9gatives que La Lupinella et\/ou des tiers pourraient subir en raison de l&#039;utilisation inappropri\u00e9e, de la perte, du d\u00e9tournement des identifiants d&#039;acc\u00e8s par des tiers. , incapacit\u00e9 \u00e0 prot\u00e9ger le secret de ces informations d&#039;identification.<br>Concernant l&#039;utilisation du site, veuillez vous r\u00e9f\u00e9rer \u00e0 la rubrique \u00ab Mentions L\u00e9gales \u00bb de la page d&#039;accueil du site.<br>Pour recevoir la newsletter, il est n\u00e9cessaire de s&#039;inscrire et de donner son consentement au traitement des donn\u00e9es personnelles. Vous pouvez vous d\u00e9sinscrire \u00e0 tout moment en cliquant sur le bouton \u00ab Se d\u00e9sinscrire \u00bb de la newsletter.<\/p><p>METHODE D&#039;ACHAT<\/p><p>Le Client peut acheter les produits sur le site www.lalupinella.com en passant la commande par voie \u00e9lectronique. A cet effet, le Client doit s\u00e9lectionner les produits qu&#039;il envisage d&#039;acheter et les quantit\u00e9s associ\u00e9es, en les ajoutant au panier. Il est entendu que l&#039;image accompagnant un produit peut ne pas \u00eatre parfaitement repr\u00e9sentative de ses caract\u00e9ristiques mais peut diff\u00e9rer par la couleur, la taille et les accessoires pr\u00e9sent\u00e9s sur l&#039;image. Il est \u00e9galement entendu que La Lupinella ne garantit pas que le contenu de son site Internet soit conforme \u00e0 la l\u00e9gislation en vigueur dans des pays autres que l&#039;Italie.<br>Une fois que le Client a s\u00e9lectionn\u00e9 les articles qu&#039;il souhaite acheter, il peut fermer le panier en s\u00e9lectionnant le bouton \u00ab passer \u00e0 la caisse \u00bb. Lors de la s\u00e9lection de chaque article \u00e0 acheter, un r\u00e9capitulatif du co\u00fbt du produit incluant les taxes appara\u00eetra \u00e0 droite de la page. Une fois le paiement effectu\u00e9, le client doit saisir l&#039;adresse de livraison et l&#039;adresse de facturation (si diff\u00e9rente de l&#039;adresse de livraison) et s\u00e9lectionner le mode de paiement. En fonction de l&#039;adresse de livraison, les frais de port seront renseign\u00e9s et, par cons\u00e9quent, le montant total de la commande. Pour visualiser les \u00e9l\u00e9ments individuels qui composent le total, le client doit cliquer sur la case dans laquelle est indiqu\u00e9 le montant total.<br>Ce n&#039;est qu&#039;apr\u00e8s avoir compl\u00e9t\u00e9 les donn\u00e9es d&#039;exp\u00e9dition et choisi le mode de paiement et seulement apr\u00e8s avoir accept\u00e9 les pr\u00e9sentes conditions g\u00e9n\u00e9rales de vente et la politique de confidentialit\u00e9 que le client pourra passer la commande en cliquant sur \u00ab passer la commande \u00bb. \u00c0 ce stade, une page s&#039;ouvrira o\u00f9 la commande est confirm\u00e9e et un e-mail sera envoy\u00e9 au Client avec la confirmation et le r\u00e9capitulatif de la commande.<br>L&#039;envoi de la commande implique l&#039;obligation de payer la fourniture. Le contrat est consid\u00e9r\u00e9 comme conclu d\u00e8s r\u00e9ception par La Lupinella du paiement de la fourniture demand\u00e9e.<\/p><p>ACCEPTATION ET ANNULATION DES COMMANDES<\/p><p>Le contrat stipul\u00e9 entre La Lupinella et le Client doit \u00eatre consid\u00e9r\u00e9 comme conclu \u00e0 r\u00e9ception du paiement de la fourniture. Une fois la commande pass\u00e9e, le Client re\u00e7oit un email de confirmation de commande. Cependant, l&#039;exp\u00e9dition n&#039;a lieu qu&#039;apr\u00e8s r\u00e9ception par La Lupinella du paiement de votre commande. A d\u00e9faut de paiement, le contrat ne sera donc pas consid\u00e9r\u00e9 comme conclu et, par cons\u00e9quent, les produits command\u00e9s ne seront pas livr\u00e9s.<br>Toute responsabilit\u00e9 support\u00e9e par La Lupinella, pour quelque raison contractuelle ou non contractuelle, pour des dommages directs ou indirects \u00e0 des personnes et\/ou des choses, d\u00e9rivant de l&#039;impossibilit\u00e9 de livrer la commande due au non-paiement du client, est express\u00e9ment exclue.<br>Sans pr\u00e9judice du droit de r\u00e9tractation du client, tel que mieux d\u00e9taill\u00e9 ci-dessous, le client a le droit d&#039;annuler la commande avant d&#039;effectuer le paiement en contactant le service client.<br>En cas de paiement par virement bancaire, la commande sera annul\u00e9e par La Lupinella en cas de non-paiement dans les cinq jours ouvr\u00e9s suivant la passation de la commande.<br>En cas d&#039;erreur dans la saisie des donn\u00e9es, le client peut contacter le support client, sauf s&#039;il s&#039;agit d&#039;une erreur dans les donn\u00e9es personnelles, dont il peut effectuer les modifications en toute autonomie via l&#039;espace r\u00e9serv\u00e9.<br>Le client ayant cr\u00e9\u00e9 son propre compte a la possibilit\u00e9 d&#039;acc\u00e9der aux commandes pr\u00e9c\u00e9dentes en cliquant sur le lien \u00ab mes commandes \u00bb dans le tableau de bord utilisateur.<br>Au lieu de cela, le client qui a effectu\u00e9 des achats ant\u00e9rieurs sans avoir enregistr\u00e9 son compte pourra consulter les commandes pr\u00e9c\u00e9dentes gr\u00e2ce aux communications re\u00e7ues par e-mail \u00e0 ce sujet.<\/p><p>MODES DE PAIEMENT - PRIX ET FRAIS<\/p><p>Le paiement des produits command\u00e9s peut \u00eatre effectu\u00e9 par virement bancaire ou Pay-Pal. En cas de paiement par PayPal, merci de visiter le site : https:\/\/www.paypal.com pour obtenir des informations sur ce mode de paiement. Les marchandises command\u00e9es ne seront exp\u00e9di\u00e9es que lorsque la somme due sera effectivement cr\u00e9dit\u00e9e sur le compte courant de La Lupinella.<br>Le motif du virement bancaire doit inclure :<br>\u2022 num\u00e9ro de commande indiqu\u00e9 dans l&#039;e-mail de confirmation de commande ;<br>\u2022 nom et pr\u00e9nom du titulaire de l&#039;ordre.<br>En cas de paiement par virement bancaire, ce paiement doit \u00eatre effectu\u00e9 dans les 5 jours ouvr\u00e9s suivant la commande. A d\u00e9faut de paiement dans le d\u00e9lai susvis\u00e9, la commande sera automatiquement annul\u00e9e et La Lupinella confirmera l&#039;annulation de la commande au Client par e-mail.<br>La facture, lorsqu&#039;elle sera \u00e9mise, sera \u00e9mise par La Lupinella apr\u00e8s r\u00e9ception du paiement et sera jointe \u00e0 l&#039;exp\u00e9dition des produits ou envoy\u00e9e s\u00e9par\u00e9ment au Client.<br>Les prix des produits sont ceux indiqu\u00e9s sur le site.<br>Dans le cas de livraisons hors d&#039;Italie, les fournitures peuvent \u00eatre soumises \u00e0 des droits et taxes \u00e0 l&#039;importation, payables une fois que les produits livr\u00e9s atteignent la destination indiqu\u00e9e. Les \u00e9ventuels frais de d\u00e9douanement seront \u00e0 la charge du Client, qui devra \u00e9galement remplir toute obligation que la loi impose \u00e0 l&#039;importateur.<\/p><p>FRAIS DE PORT<\/p><p>Les frais de port sont pay\u00e9s par La Lupinella dans le cas de commandes \u00e9gales ou sup\u00e9rieures \u00e0 60 \u20ac en Italie. Ces frais seront toutefois \u00e0 la charge du client dans tous les autres cas.<br>Les frais de port applicables sont d\u00e9termin\u00e9s en fonction du poids, du volume et de la destination des produits.<br>Une fois que vous avez s\u00e9lectionn\u00e9 le produit \u00e0 acheter et avant de proc\u00e9der au paiement, les frais d&#039;exp\u00e9dition applicables appara\u00eetront par poids et volume et par destination en Italie. Si la destination est diff\u00e9rente, les frais de port seront mis \u00e0 jour lors de la saisie de l&#039;adresse de livraison.<br>En cas d&#039;impossibilit\u00e9 de retirer la marchandise en stock dans les entrep\u00f4ts du transporteur dans un d\u00e9lai de 3 jours ouvr\u00e9s en raison d&#039;impossibilit\u00e9s r\u00e9p\u00e9t\u00e9es de livraison \u00e0 l&#039;adresse indiqu\u00e9e par le Client au moment de la commande, les \u00e9ventuels frais logistiques suppl\u00e9mentaires seront express\u00e9ment factur\u00e9s au client. .<\/p><p>D\u00c9LAI DE LIVRAISON<\/p><p>La livraison sera effectu\u00e9e \u00e0 l&#039;adresse de livraison indiqu\u00e9e par le client. La commande sera trait\u00e9e dans les sept jours ouvrables \u00e0 compter de la r\u00e9ception du paiement de la fourniture par La Lupinella pour les exp\u00e9ditions vers l&#039;Italie et dans les dix jours ouvrables pour les exp\u00e9ditions hors d&#039;Italie, sauf dans les deux cas d&#039;\u00e9ventuels retards imputables au transporteur\/exp\u00e9diteur. Les conditions mentionn\u00e9es ci-dessus doivent \u00eatre consid\u00e9r\u00e9es comme purement indicatives et non contraignantes. Aucune responsabilit\u00e9 ne pourra donc \u00eatre imput\u00e9e \u00e0 La Lupinella en cas de retard de livraison et, lorsque le Client est un consommateur, il devra inviter La Lupinella \u00e0 effectuer la livraison dans un d\u00e9lai suppl\u00e9mentaire appropri\u00e9. Au moment de l&#039;exp\u00e9dition, le Client recevra un email indiquant le num\u00e9ro d&#039;exp\u00e9dition et le num\u00e9ro de commande et avec un r\u00e9capitulatif de la commande elle-m\u00eame. Dans tous les cas, le Client peut contacter La Lupinella pour obtenir des informations sur l&#039;\u00e9tat de l&#039;envoi ou v\u00e9rifier l&#039;\u00e9tat de l&#039;envoi via son compte si le Client est inscrit.<\/p><p>ORDRE\u00a0\u2013\u00a0INCONFORMIT\u00c9 DES PLAINTES<\/p><p>Le jour m\u00eame de la livraison, le Client devra communiquer \u00e0 La Lupinella par e-mail toute inad\u00e9quation entre les produits re\u00e7us et ceux command\u00e9s (quantit\u00e9, type, etc.), en pr\u00e9cisant les raisons de l&#039;inad\u00e9quation. La Lupinella remplacera les produits une fois le retour re\u00e7u du Client, \u00e0 condition que les marchandises soient retourn\u00e9es dans leur emballage d&#039;origine.<br>Pour tout d\u00e9faut ou dommage aux produits, veuillez vous r\u00e9f\u00e9rer \u00e0 la clause \u00ab GARANTIE DES DEFAUTS ET DOMMAGES AUX PRODUITS \u2013 RESPONSABILIT\u00c9 \u00bb<\/p><p>DROIT DE R\u00c9TRACTATION<\/p><p>Le Client, lorsqu&#039;il y a droit en tant que consommateur conform\u00e9ment et aux fins du d\u00e9cret l\u00e9gislatif. LG. 206\/05 tel que modifi\u00e9, peut se r\u00e9tracter sans aucune p\u00e9nalit\u00e9 et sans en pr\u00e9ciser le motif, dans un d\u00e9lai de quatorze jours \u00e0 compter de la r\u00e9ception des produits. Le droit de r\u00e9tractation s&#039;exerce en envoyant, dans le d\u00e9lai susmentionn\u00e9, une communication \u00e9crite \u00e0 La Lupinella, par courrier recommand\u00e9 ou par e-mail \u00e0 l&#039;adresse : info@lalupinella,com ; la lettre recommand\u00e9e est consid\u00e9r\u00e9e comme envoy\u00e9e dans les meilleurs d\u00e9lais si elle est remise au bureau de poste acceptant dans le d\u00e9lai indiqu\u00e9 ci-dessus.<br>Les frais directs de retour des produits en cas de r\u00e9tractation seront \u00e0 la charge du Client, l&#039;ex\u00e9cution du retour \u00e9tant sous la seule responsabilit\u00e9 de ce dernier.<br>Dans le cas o\u00f9 le droit de r\u00e9tractation aurait \u00e9t\u00e9 d\u00fbment exerc\u00e9, La Lupinella remboursera les sommes re\u00e7ues du Client dans un d\u00e9lai de quatorze jours \u00e0 compter de la date \u00e0 laquelle elle a eu connaissance de l&#039;exercice du droit de r\u00e9tractation. Le remboursement sera effectu\u00e9 en utilisant le m\u00eame moyen de paiement que celui utilis\u00e9 pour passer la commande, sauf indication contraire expresse du Client. Alternativement, apr\u00e8s accord avec le Client, La Lupinella pourra, au lieu de proc\u00e9der au remboursement, d\u00e9livrer au Client un bon d&#039;achat d&#039;un montant \u00e9gal \u00e0 celui pay\u00e9 par le Client pour l&#039;achat de la marchandise.<br>Bitossi Home aura le droit de retenir le remboursement jusqu&#039;\u00e0 ce qu&#039;il ait obtenu le retour des produits du Client ou jusqu&#039;\u00e0 ce que ce dernier ait d\u00e9montr\u00e9 qu&#039;il a renvoy\u00e9 les produits, selon la situation qui se pr\u00e9sente en premier. Les sommes sont consid\u00e9r\u00e9es comme rembours\u00e9es dans le d\u00e9lai susvis\u00e9 si elles sont effectivement restitu\u00e9es, exp\u00e9di\u00e9es ou recr\u00e9dit\u00e9es d&#039;une valeur au plus tard \u00e0 l&#039;expiration du d\u00e9lai pr\u00e9c\u00e9demment indiqu\u00e9.<br>Le Client sera exclusivement responsable envers La Lupinella de la perte et\/ou de l&#039;endommagement des produits retourn\u00e9s jusqu&#039;\u00e0 leur retour \u00e0 La Lupinella. Les produits doivent \u00eatre retourn\u00e9s intacts et dans leur emballage d&#039;origine. En cas de retour de marchandises incompl\u00e8tes ou incompl\u00e8tes avec leur emballage, La Lupinella devra en informer le Client par \u00e9crit par e-mail ; dans ce cas, la marchandise retourn\u00e9e par le Client ne sera pas rembours\u00e9e et restera au si\u00e8ge de La Lupinella \u00e0 la disposition du Client pour retrait. Pass\u00e9 dix jours \u00e0 compter de la r\u00e9ception de la communication susvis\u00e9e sans que le Client ne l&#039;ait r\u00e9cup\u00e9r\u00e9e, La Lupinella sera libre d&#039;utiliser les biens susvis\u00e9s. Dans ce cas, le droit du Client au remboursement du prix pay\u00e9 pour ces marchandises reste exclu.<\/p><p>GARANTIE POUR D\u00c9FAUTS ET DOMMAGES AUX PRODUITS - RESPONSABILIT\u00c9<\/p><p>La Lupinella garantit que les produits commercialis\u00e9s via le site www.lalupinella.com sont exempts de d\u00e9fauts et de d\u00e9fauts.<br>La garantie susmentionn\u00e9e fonctionne, pour les clients qui ont la nature de \u00ab consommateurs \u00bb conform\u00e9ment au d\u00e9cret l\u00e9gislatif 206\/05 tel que modifi\u00e9, pour une dur\u00e9e de 24 mois \u00e0 compter de la livraison des produits et, pour tous les autres clients, pour une dur\u00e9e de 12 mois \u00e0 compter de livraison.<br>Le fonctionnement de la garantie est subordonn\u00e9 \u00e0 la d\u00e9claration dans les d\u00e9lais des d\u00e9fauts ou d\u00e9fauts ou dommages ou non-conformit\u00e9s des produits, sous peine de d\u00e9ch\u00e9ance de la garantie.<br>A cet effet, le Client devra \u00e9galement veiller, au plus tard huit jours \u00e0 compter de la r\u00e9ception des produits, \u00e0 communiquer par email \u00e0 La Lupinella tout d\u00e9faut ou dommage visible des produits re\u00e7us, en prouvant, lorsque cela est possible, les d\u00e9fauts ou dommages all\u00e9gu\u00e9s avec documentation photographique appropri\u00e9e.<br>Toutefois, en cas de vices non visibles, la r\u00e9clamation doit \u00eatre formul\u00e9e par le client, par courrier recommand\u00e9 ou par courrier \u00e9lectronique, dans les 8 jours suivant sa d\u00e9couverte, et doit \u00eatre accompagn\u00e9e de toutes informations et documents propres \u00e0 prouver les d\u00e9fauts d\u00e9nonc\u00e9s. de.<br>La Lupinella, lorsqu&#039;elle constatera, sur la base des informations et\/ou documentations fournies par le Client, l&#039;existence des d\u00e9fauts ou d\u00e9fauts signal\u00e9s, r\u00e9cup\u00e9rera \u00e0 ses frais les produits d\u00e9fectueux ou endommag\u00e9s aupr\u00e8s du Client et, \u00e0 sa discr\u00e9tion, pourra proc\u00e9der \u00e0 l&#039;\u00e9change de ces produits ou au remboursement du prix ou pourra \u00e9mettre un bon d&#039;achat en faveur du Client d&#039;un montant \u00e9gal au prix des produits d\u00e9fectueux ou endommag\u00e9s. Toute autre forme d&#039;indemnisation, de remboursement et de compensation pour tout dommage, y compris les dommages indirects et cons\u00e9cutifs, est exclue, sauf en cas de d\u00e9c\u00e8s ou de blessure corporelle du Client, r\u00e9sultant d&#039;un acte ou d&#039;une omission de La Lupinella.<\/p><p>LOI APPLICABLE ET JURIDICTION - PROC\u00c9DURE ADR<\/p><p>Tous les achats effectu\u00e9s via le site : www.lalupinella.com et toutes les questions qui peuvent d\u00e9couler de ces achats et\/ou de l&#039;utilisation dudit site sont r\u00e9gis par la loi italienne.<br>En cas de litiges entre La Lupinella et le Client n\u00e9s et\/ou li\u00e9s \u00e0 l&#039;utilisation du site www.lalupinella.com, \u00e0 la conclusion d&#039;un achat ou \u00e0 la passation d&#039;une commande via le site susmentionn\u00e9, il sera comp\u00e9tent au Tribunal de Florence a un acc\u00e8s exclusif, sauf dans les cas pr\u00e9vus par le d\u00e9cret l\u00e9gislatif. LG. 206\/05 tel que modifi\u00e9 pour les Clients auxquels ce r\u00e8glement est applicable, auquel cas le tribunal du domicile du Client sera comp\u00e9tent.<br>Dans tous les cas, les clients bas\u00e9s dans l&#039;Union europ\u00e9enne restent en droit d&#039;activer des proc\u00e9dures volontaires de r\u00e8glement extrajudiciaire du litige (ci-apr\u00e8s \u00ab proc\u00e9dures ADR \u00bb) en s&#039;adressant \u00e0 des organismes sp\u00e9cifiques (ci-apr\u00e8s \u00ab organismes ADR \u00bb) inscrits dans la liste correspondante tenue. avec l&#039;autorit\u00e9 comp\u00e9tente de chaque pays, en utilisant la plateforme europ\u00e9enne ODR.<br>Sur le site Internet:&nbsp;<a href=\"https:\/\/ec.europa.eu\/consumers\/odr\">https:\/\/ec.europa.eu\/consumers\/odr&nbsp;<\/a>toutes les informations n\u00e9cessaires au d\u00e9p\u00f4t d&#039;une r\u00e9clamation afin de lancer la proc\u00e9dure ADR via la plateforme ODR sont remont\u00e9es et la liste des organismes ADR pouvant \u00eatre contact\u00e9s pour cette proc\u00e9dure est affich\u00e9e.<br>Les informations concernant le fonctionnement de la proc\u00e9dure ADR sont publi\u00e9es sur le site Internet de chaque organisme ADR.<\/p><p>MODIFICATIONS DES CONDITIONS G\u00c9N\u00c9RALES DE VENTE<\/p><p>La Lupinella se r\u00e9serve le droit de modifier le site www. lalupinella.com et\/ou les pr\u00e9sentes Conditions G\u00e9n\u00e9rales de Vente.<br>Les fournitures seront r\u00e9gies par les Conditions G\u00e9n\u00e9rales de Vente en vigueur au moment de la passation de la commande.<\/p><p>MESURES PROTECTIVES<\/p><p>Concernant les mesures techniques de protection du site, veuillez vous r\u00e9f\u00e9rer au document intitul\u00e9 \u00ab Mentions L\u00e9gales \u00bb dont le lien se trouve sur la page d&#039;accueil du site.<\/p><p>DISPOSITION G\u00c9N\u00c9RALE<\/p><p>Dans le cas o\u00f9 une ou plusieurs des clauses \u00e9nonc\u00e9es dans les pr\u00e9sentes Conditions G\u00e9n\u00e9rales de Vente seraient d\u00e9clar\u00e9es invalides, inefficaces ou inapplicables, cela n&#039;affectera pas la validit\u00e9, l&#039;efficacit\u00e9 et l&#039;applicabilit\u00e9 des autres clauses.<\/p>","protected":false},"excerpt":{"rendered":"<p>Nous vous invitons \u00e0 lire attentivement les pr\u00e9sentes Conditions G\u00e9n\u00e9rales de Vente avant de proc\u00e9der \u00e0 [\u2026]<\/p>","protected":false},"author":1,"featured_media":0,"parent":0,"menu_order":0,"comment_status":"closed","ping_status":"closed","template":"bianca.php","meta":{"_acf_changed":false,"footnotes":""},"class_list":["post-211","page","type-page","status-publish","hentry"],"acf":[],"_links":{"self":[{"href":"https:\/\/lalupinella.com\/fr\/wp-json\/wp\/v2\/pages\/211","targetHints":{"allow":["GET"]}}],"collection":[{"href":"https:\/\/lalupinella.com\/fr\/wp-json\/wp\/v2\/pages"}],"about":[{"href":"https:\/\/lalupinella.com\/fr\/wp-json\/wp\/v2\/types\/page"}],"author":[{"embeddable":true,"href":"https:\/\/lalupinella.com\/fr\/wp-json\/wp\/v2\/users\/1"}],"replies":[{"embeddable":true,"href":"https:\/\/lalupinella.com\/fr\/wp-json\/wp\/v2\/comments?post=211"}],"version-history":[{"count":1,"href":"https:\/\/lalupinella.com\/fr\/wp-json\/wp\/v2\/pages\/211\/revisions"}],"predecessor-version":[{"id":212,"href":"https:\/\/lalupinella.com\/fr\/wp-json\/wp\/v2\/pages\/211\/revisions\/212"}],"wp:attachment":[{"href":"https:\/\/lalupinella.com\/fr\/wp-json\/wp\/v2\/media?parent=211"}],"curies":[{"name":"wp","href":"https:\/\/api.w.org\/{rel}","templated":true}]}}