{"id":213,"date":"2024-02-03T16:34:41","date_gmt":"2024-02-03T15:34:41","guid":{"rendered":"http:\/\/lalupinella.com\/?page_id=213"},"modified":"2024-02-03T16:34:41","modified_gmt":"2024-02-03T15:34:41","slug":"etichettatura-ambientale","status":"publish","type":"page","link":"https:\/\/lalupinella.com\/fr\/etiquetage-environnemental\/","title":{"rendered":"\u00c9tiquetage environnemental"},"content":{"rendered":"<p><strong><em><u>\u00c9tiquetage environnemental des emballages conform\u00e9ment \u00e0 l&#039;art.219, paragraphe 5, du d\u00e9cret l\u00e9gislatif 152\/2006 et SS.MM<\/u><\/em><\/strong><\/p><p><strong>Tri des d\u00e9chets. V\u00e9rifiez les dispositions de votre commune.<\/strong><\/p><p>Vous trouverez ci-dessous la liste des mat\u00e9riaux d&#039;emballage utilis\u00e9s par notre soci\u00e9t\u00e9, codifi\u00e9e comme l&#039;exige la d\u00e9cision 97\/129\/CE.<\/p><figure class=\"wp-block-table\"><table><tbody><tr><td colspan=\"3\">BOUTEILLES<\/td><\/tr><tr><td>Verre incolore<\/td><td>Verre vert<\/td><td>Verre marron<\/td><\/tr><tr><td>&nbsp;GL70<\/td><td>&nbsp;GL71<\/td><td>&nbsp;GL72<\/td><\/tr><tr><td colspan=\"3\">COLLECTION DE VERRE<\/td><\/tr><tr><td colspan=\"3\">V\u00e9rifiez les dispositions de votre commune<\/td><\/tr><\/tbody><\/table><\/figure><figure class=\"wp-block-table\"><table><tbody><tr><td colspan=\"3\">CASQUETTES<\/td><\/tr><tr><td>Li\u00e8ge<\/td><\/tr><tr><td>STR 51<\/td><\/tr><tr><td>COLLECTION BIO<\/td><\/tr><tr><td colspan=\"3\">V\u00e9rifiez les dispositions de votre commune<\/td><\/tr><\/tbody><\/table><\/figure><figure class=\"wp-block-table\"><table><tbody><tr><td colspan=\"4\">G\u00c9LULES<\/td><\/tr><tr><td>Polylamin\u00e9<\/td><\/tr><tr><td>C\/ALU90<\/td><\/tr><tr><td colspan=\"4\">COLLECTION PLATIQUE<\/td><\/tr><tr><td colspan=\"4\">V\u00e9rifiez les dispositions de votre commune<\/td><\/tr><\/tbody><\/table><\/figure><figure class=\"wp-block-table\"><table><tbody><tr><td colspan=\"3\">BO\u00ceTES EN CARTON<\/td><\/tr><tr><td>PAP20<\/td><\/tr><tr><td colspan=\"3\">COLLECTE DE PAPIER<\/td><\/tr><tr><td colspan=\"3\">V\u00e9rifiez les dispositions de votre commune<\/td><\/tr><\/tbody><\/table><\/figure><figure class=\"wp-block-table\"><table><tbody><tr><td colspan=\"3\">SAC DANS BO\u00ceTE<\/td><\/tr><tr><td>Bo\u00eete<\/td><td colspan=\"2\">Sac\/Robinet<\/td><\/tr><tr><td>PAP20<\/td><td colspan=\"2\">7 (PEBD+PP)<\/td><\/tr><tr><td>COLLECTE DE PAPIER<\/td><td colspan=\"2\">COLLECTE DE PLASTIQUE<\/td><\/tr><tr><td colspan=\"3\">V\u00e9rifiez les dispositions de votre commune<\/td><\/tr><\/tbody><\/table><\/figure><figure class=\"wp-block-table\"><table><tbody><tr><td colspan=\"3\">HUILE - BIDON RECTANGULAIRE (PLUS DE 2 LITRES)<\/td><\/tr><tr><td>Bo\u00eete de conserve<\/td><td colspan=\"2\">Li\u00e8ge<\/td><\/tr><tr><td>ACIER FE 40<\/td><td colspan=\"2\">PP05 PLASTIQUE<\/td><\/tr><tr><td>COLLECTION DE M\u00c9TAUX<\/td><td colspan=\"2\">COLLECTE DE PLASTIQUE<\/td><\/tr><tr><td colspan=\"3\">V\u00e9rifiez les dispositions de votre commune<\/td><\/tr><\/tbody><\/table><\/figure>","protected":false},"excerpt":{"rendered":"<p>\u00c9tiquetage environnemental des emballages conform\u00e9ment \u00e0 l&#039;article 219, paragraphe 5, du d\u00e9cret l\u00e9gislatif 152\/2006 et collecte SS.MM [\u2026]<\/p>","protected":false},"author":1,"featured_media":0,"parent":0,"menu_order":0,"comment_status":"closed","ping_status":"closed","template":"bianca.php","meta":{"_acf_changed":false,"footnotes":""},"class_list":["post-213","page","type-page","status-publish","hentry"],"acf":[],"_links":{"self":[{"href":"https:\/\/lalupinella.com\/fr\/wp-json\/wp\/v2\/pages\/213","targetHints":{"allow":["GET"]}}],"collection":[{"href":"https:\/\/lalupinella.com\/fr\/wp-json\/wp\/v2\/pages"}],"about":[{"href":"https:\/\/lalupinella.com\/fr\/wp-json\/wp\/v2\/types\/page"}],"author":[{"embeddable":true,"href":"https:\/\/lalupinella.com\/fr\/wp-json\/wp\/v2\/users\/1"}],"replies":[{"embeddable":true,"href":"https:\/\/lalupinella.com\/fr\/wp-json\/wp\/v2\/comments?post=213"}],"version-history":[{"count":1,"href":"https:\/\/lalupinella.com\/fr\/wp-json\/wp\/v2\/pages\/213\/revisions"}],"predecessor-version":[{"id":214,"href":"https:\/\/lalupinella.com\/fr\/wp-json\/wp\/v2\/pages\/213\/revisions\/214"}],"wp:attachment":[{"href":"https:\/\/lalupinella.com\/fr\/wp-json\/wp\/v2\/media?parent=213"}],"curies":[{"name":"wp","href":"https:\/\/api.w.org\/{rel}","templated":true}]}}