{"id":111,"date":"2023-10-30T17:39:07","date_gmt":"2023-10-30T16:39:07","guid":{"rendered":"http:\/\/lalupinella.com\/?post_type=product&#038;p=111"},"modified":"2024-02-05T15:47:50","modified_gmt":"2024-02-05T14:47:50","slug":"la-lupinella-olio-evo","status":"publish","type":"product","link":"https:\/\/lalupinella.com\/fr\/produit\/huile-dolive-extra-vierge-sainfoin\/","title":{"rendered":"La Lupinella Evo"},"content":{"rendered":"<h3>Huile d&#039;olive extra vierge biologique<\/h3>\n<p>Huile tr\u00e8s polyvalente, elle se caract\u00e9rise par ses notes v\u00e9g\u00e9tales incomparables et fra\u00eeches, qui peuvent rappeler les olives ou les artichauts. La finale se caract\u00e9rise par les sensations typiques d&#039;amer et d&#039;\u00e9pices.<\/p>\n<p><strong>Biologique<\/strong><\/p>","protected":false},"excerpt":{"rendered":"<p>Huile d&#039;Olive Extra Vierge Biologique Huile tr\u00e8s polyvalente, elle se distingue par son caract\u00e8re incomparable et [\u2026]<\/p>","protected":false},"featured_media":112,"comment_status":"open","ping_status":"closed","template":"","meta":{"_acf_changed":false},"product_cat":[16,19],"product_tag":[],"class_list":{"0":"post-111","1":"product","2":"type-product","3":"status-publish","4":"has-post-thumbnail","6":"product_cat-senza-categoria","7":"product_cat-standard","9":"first","10":"instock","11":"shipping-taxable","12":"purchasable","13":"product-type-simple"},"acf":[],"_links":{"self":[{"href":"https:\/\/lalupinella.com\/fr\/wp-json\/wp\/v2\/product\/111","targetHints":{"allow":["GET"]}}],"collection":[{"href":"https:\/\/lalupinella.com\/fr\/wp-json\/wp\/v2\/product"}],"about":[{"href":"https:\/\/lalupinella.com\/fr\/wp-json\/wp\/v2\/types\/product"}],"replies":[{"embeddable":true,"href":"https:\/\/lalupinella.com\/fr\/wp-json\/wp\/v2\/comments?post=111"}],"wp:featuredmedia":[{"embeddable":true,"href":"https:\/\/lalupinella.com\/fr\/wp-json\/wp\/v2\/media\/112"}],"wp:attachment":[{"href":"https:\/\/lalupinella.com\/fr\/wp-json\/wp\/v2\/media?parent=111"}],"wp:term":[{"taxonomy":"product_cat","embeddable":true,"href":"https:\/\/lalupinella.com\/fr\/wp-json\/wp\/v2\/product_cat?post=111"},{"taxonomy":"product_tag","embeddable":true,"href":"https:\/\/lalupinella.com\/fr\/wp-json\/wp\/v2\/product_tag?post=111"}],"curies":[{"name":"wp","href":"https:\/\/api.w.org\/{rel}","templated":true}]}}