{"id":44,"date":"2023-09-25T16:07:29","date_gmt":"2023-09-25T14:07:29","guid":{"rendered":"http:\/\/lalupinella.com\/?post_type=product&#038;p=44"},"modified":"2026-04-21T15:29:06","modified_gmt":"2026-04-21T13:29:06","slug":"la-lupinella-rossa-2021","status":"publish","type":"product","link":"https:\/\/lalupinella.com\/fr\/produit\/le-sainfoin-rouge-2021\/","title":{"rendered":"La Lupinella Rouge 2023"},"content":{"rendered":"<h3 class=\"product_title entry-title\">Chianti Superiore Docg<\/h3>\n<p>Un Chianti Superiore \u00e0 forte vocation territoriale, \u00e9quilibr\u00e9 et excellent \u00e0 boire.<br \/>\nTrois affinements diff\u00e9rents : tonneaux, grand f\u00fbt et ciment pour un vin unique.<\/p>\n<p><strong>Biologique<\/strong><\/p>","protected":false},"excerpt":{"rendered":"<p>Chianti Superiore Docg Un Chianti Superiore \u00e0 forte vocation territoriale, \u00e9quilibr\u00e9 et excellent \u00e0 boire. [\u2026]<\/p>","protected":false},"featured_media":78,"comment_status":"open","ping_status":"closed","template":"","meta":{"_acf_changed":false},"product_cat":[19],"product_tag":[],"class_list":{"0":"post-44","1":"product","2":"type-product","3":"status-publish","4":"has-post-thumbnail","6":"product_cat-standard","8":"first","9":"instock","10":"shipping-taxable","11":"purchasable","12":"product-type-simple"},"acf":[],"_links":{"self":[{"href":"https:\/\/lalupinella.com\/fr\/wp-json\/wp\/v2\/product\/44","targetHints":{"allow":["GET"]}}],"collection":[{"href":"https:\/\/lalupinella.com\/fr\/wp-json\/wp\/v2\/product"}],"about":[{"href":"https:\/\/lalupinella.com\/fr\/wp-json\/wp\/v2\/types\/product"}],"replies":[{"embeddable":true,"href":"https:\/\/lalupinella.com\/fr\/wp-json\/wp\/v2\/comments?post=44"}],"wp:featuredmedia":[{"embeddable":true,"href":"https:\/\/lalupinella.com\/fr\/wp-json\/wp\/v2\/media\/78"}],"wp:attachment":[{"href":"https:\/\/lalupinella.com\/fr\/wp-json\/wp\/v2\/media?parent=44"}],"wp:term":[{"taxonomy":"product_cat","embeddable":true,"href":"https:\/\/lalupinella.com\/fr\/wp-json\/wp\/v2\/product_cat?post=44"},{"taxonomy":"product_tag","embeddable":true,"href":"https:\/\/lalupinella.com\/fr\/wp-json\/wp\/v2\/product_tag?post=44"}],"curies":[{"name":"wp","href":"https:\/\/api.w.org\/{rel}","templated":true}]}}