{"id":79,"date":"2023-10-18T16:44:11","date_gmt":"2023-10-18T14:44:11","guid":{"rendered":"http:\/\/lalupinella.com\/?post_type=product&#038;p=79"},"modified":"2026-04-21T15:34:49","modified_gmt":"2026-04-21T13:34:49","slug":"la-lupinella-sangiovese-2019","status":"publish","type":"product","link":"https:\/\/lalupinella.com\/fr\/produit\/sainfoin-sangiovese-2019\/","title":{"rendered":"La Lupinella Sangiovese 2021"},"content":{"rendered":"<h3>Sangiovese Toscana IGT<\/h3>\n<p>100% Sangiovese. Territorial, intense et d\u00e9cisif. \u00c9l\u00e9gance et puissance s&#039;int\u00e8grent pour donner lieu \u00e0 une explosion de fruits et d&#039;\u00e9pices.<\/p>\n<p><strong>Biologique<\/strong><\/p>","protected":false},"excerpt":{"rendered":"<p>Sangiovese Toscana IGT 100% Sangiovese. Territorial, intense et d\u00e9cisif. L&#039;\u00e9l\u00e9gance et la puissance s&#039;int\u00e8grent \u00e0 [\u2026]<\/p>","protected":false},"featured_media":81,"comment_status":"open","ping_status":"closed","template":"","meta":{"_acf_changed":false},"product_cat":[16,19],"product_tag":[],"class_list":{"0":"post-79","1":"product","2":"type-product","3":"status-publish","4":"has-post-thumbnail","6":"product_cat-senza-categoria","7":"product_cat-standard","9":"first","10":"instock","11":"shipping-taxable","12":"purchasable","13":"product-type-simple"},"acf":[],"_links":{"self":[{"href":"https:\/\/lalupinella.com\/fr\/wp-json\/wp\/v2\/product\/79","targetHints":{"allow":["GET"]}}],"collection":[{"href":"https:\/\/lalupinella.com\/fr\/wp-json\/wp\/v2\/product"}],"about":[{"href":"https:\/\/lalupinella.com\/fr\/wp-json\/wp\/v2\/types\/product"}],"replies":[{"embeddable":true,"href":"https:\/\/lalupinella.com\/fr\/wp-json\/wp\/v2\/comments?post=79"}],"wp:featuredmedia":[{"embeddable":true,"href":"https:\/\/lalupinella.com\/fr\/wp-json\/wp\/v2\/media\/81"}],"wp:attachment":[{"href":"https:\/\/lalupinella.com\/fr\/wp-json\/wp\/v2\/media?parent=79"}],"wp:term":[{"taxonomy":"product_cat","embeddable":true,"href":"https:\/\/lalupinella.com\/fr\/wp-json\/wp\/v2\/product_cat?post=79"},{"taxonomy":"product_tag","embeddable":true,"href":"https:\/\/lalupinella.com\/fr\/wp-json\/wp\/v2\/product_tag?post=79"}],"curies":[{"name":"wp","href":"https:\/\/api.w.org\/{rel}","templated":true}]}}