{"id":87,"date":"2023-10-18T17:05:41","date_gmt":"2023-10-18T15:05:41","guid":{"rendered":"http:\/\/lalupinella.com\/?post_type=product&#038;p=87"},"modified":"2025-12-30T11:20:02","modified_gmt":"2025-12-30T10:20:02","slug":"la-lupinella-bianca-2022","status":"publish","type":"product","link":"https:\/\/lalupinella.com\/fr\/produit\/le-sainfoin-blanc-2022\/","title":{"rendered":"La Lupinella Blanc 2023"},"content":{"rendered":"<h3>Trebbiano Toscana IGT<\/h3>\n<p>Un blanc au caract\u00e8re frais et lumineux. Une petite partie des raisins est soigneusement s\u00e9lectionn\u00e9e, \u00e9grapp\u00e9e \u00e0 la main et ajout\u00e9e \u00e0 la fermentation en bocaux pour souligner le profil aromatique du vin.<\/p>\n<p><strong>Biologique<\/strong><\/p>","protected":false},"excerpt":{"rendered":"<p>Trebbiano Toscana IGT Un blanc au caract\u00e8re frais et lumineux. Une petite partie des raisins [\u2026]<\/p>","protected":false},"featured_media":88,"comment_status":"open","ping_status":"closed","template":"","meta":{"_acf_changed":false},"product_cat":[16,19],"product_tag":[],"class_list":{"0":"post-87","1":"product","2":"type-product","3":"status-publish","4":"has-post-thumbnail","6":"product_cat-senza-categoria","7":"product_cat-standard","9":"first","10":"instock","11":"shipping-taxable","12":"purchasable","13":"product-type-simple"},"acf":[],"_links":{"self":[{"href":"https:\/\/lalupinella.com\/fr\/wp-json\/wp\/v2\/product\/87","targetHints":{"allow":["GET"]}}],"collection":[{"href":"https:\/\/lalupinella.com\/fr\/wp-json\/wp\/v2\/product"}],"about":[{"href":"https:\/\/lalupinella.com\/fr\/wp-json\/wp\/v2\/types\/product"}],"replies":[{"embeddable":true,"href":"https:\/\/lalupinella.com\/fr\/wp-json\/wp\/v2\/comments?post=87"}],"wp:featuredmedia":[{"embeddable":true,"href":"https:\/\/lalupinella.com\/fr\/wp-json\/wp\/v2\/media\/88"}],"wp:attachment":[{"href":"https:\/\/lalupinella.com\/fr\/wp-json\/wp\/v2\/media?parent=87"}],"wp:term":[{"taxonomy":"product_cat","embeddable":true,"href":"https:\/\/lalupinella.com\/fr\/wp-json\/wp\/v2\/product_cat?post=87"},{"taxonomy":"product_tag","embeddable":true,"href":"https:\/\/lalupinella.com\/fr\/wp-json\/wp\/v2\/product_tag?post=87"}],"curies":[{"name":"wp","href":"https:\/\/api.w.org\/{rel}","templated":true}]}}